{"id":4884,"date":"2024-04-16T15:36:54","date_gmt":"2024-04-16T13:36:54","guid":{"rendered":"https:\/\/laboratoiresplp.com\/informazioni-legali\/"},"modified":"2025-09-03T10:30:05","modified_gmt":"2025-09-03T08:30:05","slug":"informazioni-legali","status":"publish","type":"page","link":"https:\/\/laboratoiresplp.com\/it\/informazioni-legali\/","title":{"rendered":"Informazioni legali"},"content":{"rendered":"\t\t<div data-elementor-type=\"wp-page\" data-elementor-id=\"4884\" class=\"elementor elementor-4884 elementor-737\" data-elementor-post-type=\"page\">\n\t\t\t\t<div class=\"elementor-element elementor-element-f4fbacf e-flex e-con-boxed e-con e-parent\" data-id=\"f4fbacf\" data-element_type=\"container\">\n\t\t\t\t\t<div class=\"e-con-inner\">\n\t\t\t\t<div class=\"elementor-element elementor-element-9535177 elementor-widget elementor-widget-heading\" data-id=\"9535177\" data-element_type=\"widget\" data-widget_type=\"heading.default\">\n\t\t\t\t<div class=\"elementor-widget-container\">\n\t\t\t\t\t<h2 class=\"elementor-heading-title elementor-size-default\">Pagina legale<\/h2>\t\t\t\t<\/div>\n\t\t\t\t<\/div>\n\t\t<div class=\"elementor-element elementor-element-2b8e229 gap-large padding-small e-flex e-con-boxed e-con e-child\" data-id=\"2b8e229\" data-element_type=\"container\">\n\t\t\t\t\t<div class=\"e-con-inner\">\n\t\t\t\t<div class=\"elementor-element elementor-element-9a75b2f elementor-widget elementor-widget-text-editor\" data-id=\"9a75b2f\" data-element_type=\"widget\" data-widget_type=\"text-editor.default\">\n\t\t\t\t<div class=\"elementor-widget-container\">\n\t\t\t\t\t\t\t\t\t<h4>1. Presentazione del sito.<\/h4>\n<p>Ai sensi dell&#8217;articolo 6 della legge francese n. 2004-575 del 21 giugno 2004 sulla fiducia nell&#8217;economia digitale, gli utenti del sito web laboratoiresplp.com sono informati dell&#8217;identit\u00e0 delle varie parti coinvolte nella sua creazione e nel suo aggiornamento:<\/p>\n<p>Proprietario del sito :<\/p>\n<p><br><br><br>SPLP SAS Con un capitale di 80.000,00 euro RCS N.: 518 176 912 Bourg-en-Bresse Partita IVA: FR18 518 176 912<\/p>\n<p><br><br><br>Sede centrale: 101 chemin de Charlet, 01090 Montceaux Sede amministrativa: 89 rue Louis Bl\u00e9riot, PA Chalaronne Centre, 01400 Chatillon-sur-Chalaronne Tel: 04 28 36 00 27 Mail: contact@laboratoiresplp.com<\/p>\n<p><br>Proprietario: OVH SAS con capitale di \u20ac 50.000.000 RCS Lille M\u00e9tropole 424 761 419 00045 Codice APE 2620Z Partita IVA: FR 22 424 761 419 Sede legale: 2 rue Kellermann &#8211; 59100 Roubaix &#8211; Francia<\/p>\n<h4>&nbsp;<\/h4>\n<h4>2. Condizioni generali di utilizzo del sito e dei servizi offerti.<\/h4>\n<p>L&#8217;utilizzo del sito web laboratoiresplp.com implica la piena accettazione delle condizioni generali di utilizzo riportate di seguito. Le presenti condizioni d&#8217;uso possono essere modificate o integrate in qualsiasi momento; si consiglia pertanto agli utenti del sito laboratoiresplp.com di consultarle regolarmente.<br>Questo sito \u00e8 normalmente accessibile agli utenti in qualsiasi momento. Tuttavia, laboratoriplp.com pu\u00f2 decidere di interrompere il sito per motivi di manutenzione tecnica. In tal caso, laboratoriplp.com far\u00e0 il possibile per informare gli utenti delle date e degli orari dell&#8217;intervento in anticipo.<br>Il sito laboratoriplp.com viene aggiornato regolarmente. Allo stesso modo, le note legali possono essere modificate in qualsiasi momento: esse sono comunque vincolanti per l&#8217;utente, che \u00e8 invitato a consultarle il pi\u00f9 spesso possibile per prenderne visione.   <\/p>\n<h4>3. Descrizione dei servizi forniti.<\/h4>\n<p>Lo scopo del sito web laboratoiresplp.com \u00e8 quello di fornire informazioni su tutte le attivit\u00e0 dell&#8217;azienda.<br>SPLP si impegna a fornire informazioni il pi\u00f9 possibile accurate sul sito web laboratoiresplp.com. Tuttavia, non potr\u00e0 essere ritenuta responsabile per eventuali omissioni, imprecisioni o mancati aggiornamenti di tali informazioni, causati da lei stessa o da partner terzi che forniscono tali informazioni. Tutte le informazioni fornite sul sito web laboratoiresplp.com sono fornite a titolo indicativo e sono soggette a modifiche. Inoltre, le informazioni contenute nel sito web laboratoiresplp.com non sono esaustive. Esse sono soggette a qualsiasi modifica apportata dopo la loro messa online.    <\/p>\n<h4>4. Limitazioni contrattuali sui dati tecnici.<\/h4>\n<p>SPLP non potr\u00e0 essere ritenuta responsabile per eventuali danni materiali derivanti dall&#8217;uso del sito. Inoltre, l&#8217;utente del sito si impegna ad accedere al sito utilizzando apparecchiature recenti, prive di virus e con un browser aggiornato e di ultima generazione. <\/p>\n<h4>5. Propriet\u00e0 intellettuale e contraffazione.<\/h4>\n<p>SPLP \u00e8 titolare dei diritti di propriet\u00e0 intellettuale o detiene i diritti di utilizzo di tutti gli elementi accessibili sul sito, in particolare testi, immagini, grafici, loghi, icone, suoni e software. \u00c8 vietata la riproduzione, la rappresentazione, la modifica, la pubblicazione o l&#8217;adattamento di tutti o parte degli elementi del sito, qualunque sia il mezzo o il processo utilizzato, senza la previa autorizzazione scritta di SPLP. Qualsiasi utilizzo non autorizzato del sito o di uno qualsiasi degli elementi in esso contenuti sar\u00e0 considerato una violazione e sar\u00e0 perseguito in conformit\u00e0 alle disposizioni degli articoli L.335-2 e seguenti del Codice della Propriet\u00e0 Intellettuale francese.  <\/p>\n<h4>6. Limitazione di responsabilit\u00e0.<\/h4>\n<p>SPLP non potr\u00e0 essere ritenuta responsabile per i danni diretti o indiretti causati alle apparecchiature dell&#8217;utente durante l&#8217;accesso al sito web laboratoiresplp.com, derivanti sia dall&#8217;utilizzo di apparecchiature non conformi alle specifiche indicate al punto 4, sia dalla comparsa di un bug o di un&#8217;incompatibilit\u00e0. SPLP non potr\u00e0 essere ritenuta responsabile per danni indiretti (quali perdita di mercato o di opportunit\u00e0) derivanti dall&#8217;utilizzo del sito web laboratoiresplp.com.<br>Gli utenti hanno a disposizione aree interattive (possibilit\u00e0 di porre domande nell&#8217;area contatti). SPLP si riserva il diritto di eliminare, senza preavviso, qualsiasi contenuto pubblicato in quest&#8217;area che violi la legislazione applicabile in Francia, in particolare le disposizioni relative alla protezione dei dati. Ove applicabile, SPLP si riserva inoltre il diritto di ritenere l&#8217;utente responsabile civilmente e\/o penalmente, in particolare in caso di messaggi di natura razzista, ingiuriosa, diffamatoria o pornografica, indipendentemente dal mezzo utilizzato (testo, fotografie, ecc.).  <\/p>\n<h4>7. Gestione dei dati personali.<\/h4>\n<p>In Francia, i dati personali sono protetti dalla legge n. 78-87 del 6 gennaio 1978, dalla legge n. 2004-801 del 6 agosto 2004, dall&#8217;articolo L. 226-13 del Codice Penale e dalla Direttiva Europea del 24 ottobre 1995.Quando si utilizza il sito web laboratoiresplp.com, possono essere raccolte le seguenti informazioni: l&#8217;URL dei link attraverso i quali l&#8217;utente accede al sito web laboratoiresplp.com, il provider di accesso dell&#8217;utente, l&#8217;indirizzo del protocollo Internet (IP) dell&#8217;utente. In ogni caso, SPLP raccoglie informazioni personali relative all&#8217;utente solo ai fini di alcuni servizi offerti dal sito web laboratoiresplp.com. Gli utenti forniscono queste informazioni con cognizione di causa, in particolare quando le inseriscono loro stessi. Gli utenti del sito web laboratoiresplp.com vengono poi informati se sono tenuti o meno a fornire tali informazioni.   <br>In conformit\u00e0 alle disposizioni degli articoli 38 e seguenti della Legge 78-17 del 6 gennaio 1978 sul trattamento dei dati, degli archivi e delle libert\u00e0 individuali, tutti gli utenti hanno il diritto di accedere, rettificare e opporsi a qualsiasi dato personale che li riguardi, inviando una richiesta scritta e firmata, accompagnata da una copia del documento d&#8217;identit\u00e0 recante la firma dell&#8217;intestatario del documento, specificando l&#8217;indirizzo a cui inviare la risposta.<br>Nessuna informazione personale dell&#8217;utente del sito laboratoiresplp.com viene pubblicata all&#8217;insaputa dell&#8217;utente, scambiata, trasferita, ceduta o venduta su qualsiasi supporto a terzi. Solo l&#8217;ipotesi di acquisto di SPLP e dei suoi diritti consentirebbe la trasmissione di tali informazioni all&#8217;eventuale acquirente che sarebbe a sua volta vincolato dallo stesso obbligo di conservazione e modifica dei dati nei confronti dell&#8217;utente del sito laboratoiresplp.com.<br>Le banche dati sono protette dalle disposizioni della legge del 1 luglio 1998 che recepisce la direttiva 96\/9 dell&#8217;11 marzo 1996 relativa alla tutela giuridica delle banche dati. <\/p>\n<h4>8. Link ipertestuali e cookie.<\/h4>\n<p>Il sito laboratoiresplp.com contiene una serie di collegamenti ipertestuali ad altri siti, creati con l&#8217;autorizzazione della SPLP. Tuttavia, SPLP non \u00e8 in grado di controllare il contenuto dei siti visitati in questo modo e di conseguenza non si assume alcuna responsabilit\u00e0 al riguardo.<br>La navigazione sul sito laboratoiresplp.com pu\u00f2 comportare l&#8217;installazione di cookie sul computer dell&#8217;utente. Un cookie \u00e8 un piccolo file che non consente di identificare l&#8217;utente, ma che registra informazioni relative alla navigazione di un computer su un sito. I dati cos\u00ec ottenuti hanno lo scopo di facilitare la successiva navigazione sul sito.<br>Il rifiuto di installare un cookie pu\u00f2 comportare l&#8217;impossibilit\u00e0 di accedere ad alcuni servizi.   <\/p>\n<h4>9. Glossario.<\/h4>\n<p>Utente: l&#8217;utente di Internet che si connette e utilizza il sito di cui sopra.Informazioni personali: &#8220;informazioni che consentono, in qualsiasi forma, direttamente o indirettamente, l&#8217;identificazione delle persone fisiche cui si riferiscono&#8221; (articolo 4 della legge n. 78-17 del 6 gennaio 1978).<\/p>\n<h4>10. Politica sulla privacy<\/h4>\n<p>Nel corso della sua attivit\u00e0, SPLP, la cui sede legale si trova al 101 chemin de Charlet, 01090 Montceaux, raccoglie ed elabora informazioni, alcune delle quali sono qualificate come dati personali.<\/p>\n<p><br>SPLP attribuisce grande importanza al rispetto della privacy e utilizza i dati solo in modo responsabile e riservato e per uno scopo specifico. Dati personali<\/p>\n<p>Sul sito https:\/\/laboratoiresplp.com \u00e8 probabile che venga raccolto solo un tipo di dati:<\/p>\n<p>&#8211; Dati inviati direttamente<br>Si tratta dei dati che ci invii direttamente, tramite il modulo di contatto o tramite contatto diretto via e-mail. I campi &#8220;nome&#8221;, &#8220;azienda o organizzazione&#8221; e &#8220;numero di telefono&#8221; sono obbligatori nel modulo di contatto. <\/p>\n<p>I dati che ci invii direttamente vengono utilizzati allo scopo di ricontattarti e\/o in relazione alla tua richiesta. Questi dati sono utilizzati da SPLP, che \u00e8 responsabile del trattamento dei dati, e non saranno mai trasferiti a terzi o utilizzati per scopi diversi da quelli sopra descritti.<br>Base giuridica <\/p>\n<p>I dati personali vengono raccolti solo con il consenso obbligatorio dell&#8217;utente. Tale consenso deve essere validamente ottenuto (pulsanti e caselle di spunta), libero, chiaro e inequivocabile.<br>Periodo di conservazione <\/p>\n<p>I dati saranno conservati per un massimo di 5 anni.<\/p>\n<p>I tuoi diritti in materia di dati personali<\/p>\n<p>Hai il diritto di consultare, modificare o cancellare tutti i tuoi dati personali. Puoi anche revocare il consenso al trattamento dei tuoi dati. <\/p>\t\t\t\t\t\t\t\t<\/div>\n\t\t\t\t<\/div>\n\t\t\t\t\t<\/div>\n\t\t\t\t<\/div>\n\t\t\t\t\t<\/div>\n\t\t\t\t<\/div>\n\t\t\t\t<\/div>\n\t\t","protected":false},"excerpt":{"rendered":"<p>1. Presentazione del sito. Ai sensi dell&#8217;articolo 6 della legge francese n. 2004-575 del 21 giugno 2004 sulla fiducia nell&#8217;economia digitale, gli utenti del sito web laboratoiresplp.com sono informati dell&#8217;identit\u00e0 delle varie parti coinvolte nella sua creazione e nel suo aggiornamento: Proprietario del sito : SPLP SAS Con un capitale di 80.000,00 euro RCS N.: [&hellip;]<\/p>\n","protected":false},"author":3,"featured_media":0,"parent":0,"menu_order":0,"comment_status":"closed","ping_status":"closed","template":"","meta":{"_acf_changed":false,"footnotes":""},"class_list":["post-4884","page","type-page","status-publish","hentry"],"acf":[],"yoast_head":"<!-- This site is optimized with the Yoast SEO plugin v26.0 - https:\/\/yoast.com\/wordpress\/plugins\/seo\/ -->\n<title>Informazioni legali - Laboratoire SPLP<\/title>\n<meta name=\"robots\" content=\"index, follow, max-snippet:-1, max-image-preview:large, max-video-preview:-1\" \/>\n<link rel=\"canonical\" href=\"https:\/\/laboratoiresplp.com\/it\/informazioni-legali\/\" \/>\n<meta property=\"og:locale\" content=\"it_IT\" \/>\n<meta property=\"og:type\" content=\"article\" \/>\n<meta property=\"og:title\" content=\"Informazioni legali - Laboratoire SPLP\" \/>\n<meta property=\"og:description\" content=\"1. Presentazione del sito. Ai sensi dell&#8217;articolo 6 della legge francese n. 2004-575 del 21 giugno 2004 sulla fiducia nell&#8217;economia digitale, gli utenti del sito web laboratoiresplp.com sono informati dell&#8217;identit\u00e0 delle varie parti coinvolte nella sua creazione e nel suo aggiornamento: Proprietario del sito : SPLP SAS Con un capitale di 80.000,00 euro RCS N.: [&hellip;]\" \/>\n<meta property=\"og:url\" content=\"https:\/\/laboratoiresplp.com\/it\/informazioni-legali\/\" \/>\n<meta property=\"og:site_name\" content=\"Laboratoire SPLP\" \/>\n<meta property=\"article:modified_time\" content=\"2025-09-03T08:30:05+00:00\" \/>\n<meta property=\"og:image\" content=\"https:\/\/laboratoiresplp.com\/wp-content\/uploads\/2024\/08\/ImageGeneriqueGellules.jpg\" \/>\n\t<meta property=\"og:image:width\" content=\"1200\" \/>\n\t<meta property=\"og:image:height\" content=\"675\" \/>\n\t<meta property=\"og:image:type\" content=\"image\/jpeg\" \/>\n<meta name=\"twitter:card\" content=\"summary_large_image\" \/>\n<meta name=\"twitter:label1\" content=\"Tempo di lettura stimato\" \/>\n\t<meta name=\"twitter:data1\" content=\"8 minuti\" \/>\n<script type=\"application\/ld+json\" class=\"yoast-schema-graph\">{\"@context\":\"https:\/\/schema.org\",\"@graph\":[{\"@type\":\"WebPage\",\"@id\":\"https:\/\/laboratoiresplp.com\/it\/informazioni-legali\/\",\"url\":\"https:\/\/laboratoiresplp.com\/it\/informazioni-legali\/\",\"name\":\"Informazioni legali - Laboratoire SPLP\",\"isPartOf\":{\"@id\":\"https:\/\/laboratoiresplp.com\/#website\"},\"datePublished\":\"2024-04-16T13:36:54+00:00\",\"dateModified\":\"2025-09-03T08:30:05+00:00\",\"breadcrumb\":{\"@id\":\"https:\/\/laboratoiresplp.com\/it\/informazioni-legali\/#breadcrumb\"},\"inLanguage\":\"it-IT\",\"potentialAction\":[{\"@type\":\"ReadAction\",\"target\":[\"https:\/\/laboratoiresplp.com\/it\/informazioni-legali\/\"]}]},{\"@type\":\"BreadcrumbList\",\"@id\":\"https:\/\/laboratoiresplp.com\/it\/informazioni-legali\/#breadcrumb\",\"itemListElement\":[{\"@type\":\"ListItem\",\"position\":1,\"name\":\"Accueil\",\"item\":\"https:\/\/laboratoiresplp.com\/it\/\"},{\"@type\":\"ListItem\",\"position\":2,\"name\":\"Informazioni legali\"}]},{\"@type\":\"WebSite\",\"@id\":\"https:\/\/laboratoiresplp.com\/#website\",\"url\":\"https:\/\/laboratoiresplp.com\/\",\"name\":\"Laboratoire SPLP\",\"description\":\"Fa\u00e7onneur d&#039;envies\",\"publisher\":{\"@id\":\"https:\/\/laboratoiresplp.com\/#organization\"},\"alternateName\":\"Labo SPLP\",\"potentialAction\":[{\"@type\":\"SearchAction\",\"target\":{\"@type\":\"EntryPoint\",\"urlTemplate\":\"https:\/\/laboratoiresplp.com\/?s={search_term_string}\"},\"query-input\":{\"@type\":\"PropertyValueSpecification\",\"valueRequired\":true,\"valueName\":\"search_term_string\"}}],\"inLanguage\":\"it-IT\"},{\"@type\":\"Organization\",\"@id\":\"https:\/\/laboratoiresplp.com\/#organization\",\"name\":\"Laboratoire SPLP\",\"alternateName\":\"Labo SPLP\",\"url\":\"https:\/\/laboratoiresplp.com\/\",\"logo\":{\"@type\":\"ImageObject\",\"inLanguage\":\"it-IT\",\"@id\":\"https:\/\/laboratoiresplp.com\/#\/schema\/logo\/image\/\",\"url\":\"https:\/\/laboratoiresplp.com\/wp-content\/uploads\/2024\/02\/splp-logo.webp\",\"contentUrl\":\"https:\/\/laboratoiresplp.com\/wp-content\/uploads\/2024\/02\/splp-logo.webp\",\"width\":1625,\"height\":1548,\"caption\":\"Laboratoire SPLP\"},\"image\":{\"@id\":\"https:\/\/laboratoiresplp.com\/#\/schema\/logo\/image\/\"},\"sameAs\":[\"https:\/\/www.linkedin.com\/company\/laboratoiresplp\/?originalSubdomain=fr\"]}]}<\/script>\n<!-- \/ Yoast SEO plugin. -->","yoast_head_json":{"title":"Informazioni legali - Laboratoire SPLP","robots":{"index":"index","follow":"follow","max-snippet":"max-snippet:-1","max-image-preview":"max-image-preview:large","max-video-preview":"max-video-preview:-1"},"canonical":"https:\/\/laboratoiresplp.com\/it\/informazioni-legali\/","og_locale":"it_IT","og_type":"article","og_title":"Informazioni legali - Laboratoire SPLP","og_description":"1. Presentazione del sito. Ai sensi dell&#8217;articolo 6 della legge francese n. 2004-575 del 21 giugno 2004 sulla fiducia nell&#8217;economia digitale, gli utenti del sito web laboratoiresplp.com sono informati dell&#8217;identit\u00e0 delle varie parti coinvolte nella sua creazione e nel suo aggiornamento: Proprietario del sito : SPLP SAS Con un capitale di 80.000,00 euro RCS N.: [&hellip;]","og_url":"https:\/\/laboratoiresplp.com\/it\/informazioni-legali\/","og_site_name":"Laboratoire SPLP","article_modified_time":"2025-09-03T08:30:05+00:00","og_image":[{"width":1200,"height":675,"url":"https:\/\/laboratoiresplp.com\/wp-content\/uploads\/2024\/08\/ImageGeneriqueGellules.jpg","type":"image\/jpeg"}],"twitter_card":"summary_large_image","twitter_misc":{"Tempo di lettura stimato":"8 minuti"},"schema":{"@context":"https:\/\/schema.org","@graph":[{"@type":"WebPage","@id":"https:\/\/laboratoiresplp.com\/it\/informazioni-legali\/","url":"https:\/\/laboratoiresplp.com\/it\/informazioni-legali\/","name":"Informazioni legali - Laboratoire SPLP","isPartOf":{"@id":"https:\/\/laboratoiresplp.com\/#website"},"datePublished":"2024-04-16T13:36:54+00:00","dateModified":"2025-09-03T08:30:05+00:00","breadcrumb":{"@id":"https:\/\/laboratoiresplp.com\/it\/informazioni-legali\/#breadcrumb"},"inLanguage":"it-IT","potentialAction":[{"@type":"ReadAction","target":["https:\/\/laboratoiresplp.com\/it\/informazioni-legali\/"]}]},{"@type":"BreadcrumbList","@id":"https:\/\/laboratoiresplp.com\/it\/informazioni-legali\/#breadcrumb","itemListElement":[{"@type":"ListItem","position":1,"name":"Accueil","item":"https:\/\/laboratoiresplp.com\/it\/"},{"@type":"ListItem","position":2,"name":"Informazioni legali"}]},{"@type":"WebSite","@id":"https:\/\/laboratoiresplp.com\/#website","url":"https:\/\/laboratoiresplp.com\/","name":"Laboratoire SPLP","description":"Fa\u00e7onneur d&#039;envies","publisher":{"@id":"https:\/\/laboratoiresplp.com\/#organization"},"alternateName":"Labo SPLP","potentialAction":[{"@type":"SearchAction","target":{"@type":"EntryPoint","urlTemplate":"https:\/\/laboratoiresplp.com\/?s={search_term_string}"},"query-input":{"@type":"PropertyValueSpecification","valueRequired":true,"valueName":"search_term_string"}}],"inLanguage":"it-IT"},{"@type":"Organization","@id":"https:\/\/laboratoiresplp.com\/#organization","name":"Laboratoire SPLP","alternateName":"Labo SPLP","url":"https:\/\/laboratoiresplp.com\/","logo":{"@type":"ImageObject","inLanguage":"it-IT","@id":"https:\/\/laboratoiresplp.com\/#\/schema\/logo\/image\/","url":"https:\/\/laboratoiresplp.com\/wp-content\/uploads\/2024\/02\/splp-logo.webp","contentUrl":"https:\/\/laboratoiresplp.com\/wp-content\/uploads\/2024\/02\/splp-logo.webp","width":1625,"height":1548,"caption":"Laboratoire SPLP"},"image":{"@id":"https:\/\/laboratoiresplp.com\/#\/schema\/logo\/image\/"},"sameAs":["https:\/\/www.linkedin.com\/company\/laboratoiresplp\/?originalSubdomain=fr"]}]}},"_links":{"self":[{"href":"https:\/\/laboratoiresplp.com\/it\/wp-json\/wp\/v2\/pages\/4884","targetHints":{"allow":["GET"]}}],"collection":[{"href":"https:\/\/laboratoiresplp.com\/it\/wp-json\/wp\/v2\/pages"}],"about":[{"href":"https:\/\/laboratoiresplp.com\/it\/wp-json\/wp\/v2\/types\/page"}],"author":[{"embeddable":true,"href":"https:\/\/laboratoiresplp.com\/it\/wp-json\/wp\/v2\/users\/3"}],"replies":[{"embeddable":true,"href":"https:\/\/laboratoiresplp.com\/it\/wp-json\/wp\/v2\/comments?post=4884"}],"version-history":[{"count":6,"href":"https:\/\/laboratoiresplp.com\/it\/wp-json\/wp\/v2\/pages\/4884\/revisions"}],"predecessor-version":[{"id":5740,"href":"https:\/\/laboratoiresplp.com\/it\/wp-json\/wp\/v2\/pages\/4884\/revisions\/5740"}],"wp:attachment":[{"href":"https:\/\/laboratoiresplp.com\/it\/wp-json\/wp\/v2\/media?parent=4884"}],"curies":[{"name":"wp","href":"https:\/\/api.w.org\/{rel}","templated":true}]}}