{"id":4863,"date":"2024-02-22T15:06:28","date_gmt":"2024-02-22T14:06:28","guid":{"rendered":"https:\/\/laboratoiresplp.com\/contatto\/"},"modified":"2025-09-03T10:22:57","modified_gmt":"2025-09-03T08:22:57","slug":"contatto","status":"publish","type":"page","link":"https:\/\/laboratoiresplp.com\/it\/contatto\/","title":{"rendered":"Contatto"},"content":{"rendered":"\t\t<div data-elementor-type=\"wp-page\" data-elementor-id=\"4863\" class=\"elementor elementor-4863 elementor-44\" data-elementor-post-type=\"page\">\n\t\t\t\t<div class=\"elementor-element elementor-element-2f6dfbb e-con-full gap-large padding-top-small e-flex e-con e-parent\" data-id=\"2f6dfbb\" data-element_type=\"container\">\n\t\t<div class=\"elementor-element elementor-element-5c2ac08 e-flex e-con-boxed e-con e-child\" data-id=\"5c2ac08\" data-element_type=\"container\">\n\t\t\t\t\t<div class=\"e-con-inner\">\n\t\t\t\t<div class=\"elementor-element elementor-element-7e2dc9d elementor-widget elementor-widget-html\" data-id=\"7e2dc9d\" data-element_type=\"widget\" data-widget_type=\"html.default\">\n\t\t\t\t<div class=\"elementor-widget-container\">\n\t\t\t\t\t<meta name=\"format-detection\" content=\"telefono=no\">\t\t\t\t<\/div>\n\t\t\t\t<\/div>\n\t\t\t\t\t<\/div>\n\t\t\t\t<\/div>\n\t\t<div class=\"elementor-element elementor-element-d1a9ef4 e-con-full e-flex e-con e-child\" data-id=\"d1a9ef4\" data-element_type=\"container\" data-settings=\"{&quot;background_background&quot;:&quot;classic&quot;}\">\n\t\t\t\t<\/div>\n\t\t\t\t<\/div>\n\t\t<div class=\"elementor-element elementor-element-5c6b62b gap padding-small e-flex e-con-boxed e-con e-parent\" data-id=\"5c6b62b\" data-element_type=\"container\">\n\t\t\t\t\t<div class=\"e-con-inner\">\n\t\t<div class=\"elementor-element elementor-element-1033e21 gap e-flex e-con-boxed e-con e-child\" data-id=\"1033e21\" data-element_type=\"container\">\n\t\t\t\t\t<div class=\"e-con-inner\">\n\t\t<div class=\"elementor-element elementor-element-d03d1c0 e-flex e-con-boxed e-con e-child\" data-id=\"d03d1c0\" data-element_type=\"container\">\n\t\t\t\t\t<div class=\"e-con-inner\">\n\t\t\t\t<div class=\"elementor-element elementor-element-e311e72 elementor-widget elementor-widget-text-editor\" data-id=\"e311e72\" data-element_type=\"widget\" data-widget_type=\"text-editor.default\">\n\t\t\t\t<div class=\"elementor-widget-container\">\n\t\t\t\t\t\t\t\t\t<br><br>Parc d&#8217;activit\u00e9 Chalaronne Centre Rue Louis Bl\u00e9riot 01400 Ch\u00e2tillon-sur-Chalaronne\t\t\t\t\t\t\t\t<\/div>\n\t\t\t\t<\/div>\n\t\t\t\t\t<\/div>\n\t\t\t\t<\/div>\n\t\t<div class=\"elementor-element elementor-element-d218010 gap-small e-flex e-con-boxed e-con e-child\" data-id=\"d218010\" data-element_type=\"container\">\n\t\t\t\t\t<div class=\"e-con-inner\">\n\t\t\t\t<div class=\"elementor-element elementor-element-4b47a07 elementor-widget__width-initial elementor-icon-list--layout-traditional elementor-list-item-link-full_width elementor-widget elementor-widget-icon-list\" data-id=\"4b47a07\" data-element_type=\"widget\" data-widget_type=\"icon-list.default\">\n\t\t\t\t<div class=\"elementor-widget-container\">\n\t\t\t\t\t\t\t<ul class=\"elementor-icon-list-items\">\n\t\t\t\t\t\t\t<li class=\"elementor-icon-list-item\">\n\t\t\t\t\t\t\t\t\t\t<span class=\"elementor-icon-list-text\">Tel. standard<\/span>\n\t\t\t\t\t\t\t\t\t<\/li>\n\t\t\t\t\t\t\t\t<li class=\"elementor-icon-list-item\">\n\t\t\t\t\t\t\t\t\t\t<span class=\"elementor-icon-list-text\"><span class=\"grey\">+33(0)428360027<\/span><\/span>\n\t\t\t\t\t\t\t\t\t<\/li>\n\t\t\t\t\t\t<\/ul>\n\t\t\t\t\t\t<\/div>\n\t\t\t\t<\/div>\n\t\t\t\t<div class=\"elementor-element elementor-element-e95bd1e elementor-widget__width-initial elementor-icon-list--layout-traditional elementor-list-item-link-full_width elementor-widget elementor-widget-icon-list\" data-id=\"e95bd1e\" data-element_type=\"widget\" data-widget_type=\"icon-list.default\">\n\t\t\t\t<div class=\"elementor-widget-container\">\n\t\t\t\t\t\t\t<ul class=\"elementor-icon-list-items\">\n\t\t\t\t\t\t\t<li class=\"elementor-icon-list-item\">\n\t\t\t\t\t\t\t\t\t\t<span class=\"elementor-icon-list-text\">Email<\/span>\n\t\t\t\t\t\t\t\t\t<\/li>\n\t\t\t\t\t\t\t\t<li class=\"elementor-icon-list-item\">\n\t\t\t\t\t\t\t\t\t\t<span class=\"elementor-icon-list-text\"><span class=\"grey\">contact@laboratoiresplp.com<\/span><\/span>\n\t\t\t\t\t\t\t\t\t<\/li>\n\t\t\t\t\t\t<\/ul>\n\t\t\t\t\t\t<\/div>\n\t\t\t\t<\/div>\n\t\t\t\t\t<\/div>\n\t\t\t\t<\/div>\n\t\t\t\t\t<\/div>\n\t\t\t\t<\/div>\n\t\t\t\t<div class=\"elementor-element elementor-element-2d29448 button-cta green elementor-widget elementor-widget-button\" data-id=\"2d29448\" data-element_type=\"widget\" data-widget_type=\"button.default\">\n\t\t\t\t<div class=\"elementor-widget-container\">\n\t\t\t\t\t\t\t\t\t<div class=\"elementor-button-wrapper\">\n\t\t\t\t\t<a class=\"elementor-button elementor-button-link elementor-size-sm\" href=\"#elementor-action%3Aaction%3Dpopup%3Aopen%26settings%3DeyJpZCI6NTI1MywidG9nZ2xlIjpmYWxzZX0%3D\">\n\t\t\t\t\t\t<span class=\"elementor-button-content-wrapper\">\n\t\t\t\t\t\t<span class=\"elementor-button-icon\">\n\t\t\t\t<svg xmlns=\"http:\/\/www.w3.org\/2000\/svg\" viewBox=\"0 0 384 512\"><path d=\"M336 96c8.8 0 16 7.2 16 16V336c0 8.8-7.2 16-16 16s-16-7.2-16-16V150.6L59.3 411.3c-6.2 6.2-16.4 6.2-22.6 0s-6.2-16.4 0-22.6L297.4 128H112c-8.8 0-16-7.2-16-16s7.2-16 16-16H336z\"><\/path><\/svg>\t\t\t<\/span>\n\t\t\t\t\t\t\t\t\t<span class=\"elementor-button-text\">Scrivere un messaggio<\/span>\n\t\t\t\t\t<\/span>\n\t\t\t\t\t<\/a>\n\t\t\t\t<\/div>\n\t\t\t\t\t\t\t\t<\/div>\n\t\t\t\t<\/div>\n\t\t\t\t\t<\/div>\n\t\t\t\t<\/div>\n\t\t<div class=\"elementor-element elementor-element-c999003 padding gap e-flex e-con-boxed e-con e-parent\" data-id=\"c999003\" data-element_type=\"container\" data-settings=\"{&quot;background_background&quot;:&quot;classic&quot;}\">\n\t\t\t\t\t<div class=\"e-con-inner\">\n\t\t\t\t<div class=\"elementor-element elementor-element-82a146b elementor-widget elementor-widget-heading\" data-id=\"82a146b\" data-element_type=\"widget\" data-widget_type=\"heading.default\">\n\t\t\t\t<div class=\"elementor-widget-container\">\n\t\t\t\t\t<h2 class=\"elementor-heading-title elementor-size-default\">Reparto commerciale<\/h2>\t\t\t\t<\/div>\n\t\t\t\t<\/div>\n\t\t<div class=\"elementor-element elementor-element-5f888f9 gap e-flex e-con-boxed e-con e-child\" data-id=\"5f888f9\" data-element_type=\"container\">\n\t\t\t\t\t<div class=\"e-con-inner\">\n\t\t<div class=\"elementor-element elementor-element-f9e59c4 contact-card padding-full-small gap-small e-flex e-con-boxed e-con e-child\" data-id=\"f9e59c4\" data-element_type=\"container\">\n\t\t\t\t\t<div class=\"e-con-inner\">\n\t\t\t\t<div class=\"elementor-element elementor-element-78e648a contact-name elementor-widget elementor-widget-heading\" data-id=\"78e648a\" data-element_type=\"widget\" data-widget_type=\"heading.default\">\n\t\t\t\t<div class=\"elementor-widget-container\">\n\t\t\t\t\t<h2 class=\"elementor-heading-title elementor-size-default\">Jonnathan Peigney<\/h2>\t\t\t\t<\/div>\n\t\t\t\t<\/div>\n\t\t\t\t<div class=\"elementor-element elementor-element-180a135 contact-infos elementor-icon-list--layout-traditional elementor-list-item-link-full_width elementor-widget elementor-widget-icon-list\" data-id=\"180a135\" data-element_type=\"widget\" data-widget_type=\"icon-list.default\">\n\t\t\t\t<div class=\"elementor-widget-container\">\n\t\t\t\t\t\t\t<ul class=\"elementor-icon-list-items\">\n\t\t\t\t\t\t\t<li class=\"elementor-icon-list-item\">\n\t\t\t\t\t\t\t\t\t\t\t<span class=\"elementor-icon-list-icon\">\n\t\t\t\t\t\t\t<svg xmlns=\"http:\/\/www.w3.org\/2000\/svg\" viewBox=\"0 0 512 512\"><path d=\"M136.2 275.2c16.4-7 35.4-2.4 46.7 11.4l33.2 40.6c46-26.7 84.4-65.1 111.1-111.1L286.7 183c-13.8-11.3-18.5-30.3-11.4-46.7l48-112C330.8 6.7 349.7-3.1 368.4 .9l112 24C498.8 28.8 512 45.1 512 64v0c0 236.7-183.5 430.5-416 446.9c-4.5 .3-9.1 .6-13.7 .8c0 0 0 0 0 0c0 0-.1 0-.1 0c-6.1 .2-12.1 .4-18.3 .4l0 0c-18.9 0-35.2-13.2-39.1-31.6l-24-112c-4-18.7 5.8-37.6 23.4-45.1l112-48zM64.3 480C293.9 479.8 480 293.7 480 64v0 0 0 0 0 0 0 0 0 0 0 0 0 0 0 0 0 0 0 0 0 0 0 0c0-3.8-2.6-7-6.3-7.8l-112-24c-3.7-.8-7.5 1.2-9 4.7l-48 112c-1.4 3.3-.5 7.1 2.3 9.3l40.6 33.2c12.1 9.9 15.3 27.2 7.4 40.8c-29.5 50.9-71.9 93.3-122.7 122.7c-13.6 7.9-30.9 4.7-40.8-7.4l-33.2-40.6c-2.3-2.8-6.1-3.7-9.3-2.3l-112 48c-3.5 1.5-5.5 5.3-4.7 9l24 112c.8 3.7 4 6.3 7.8 6.3c.1 0 .2 0 .3 0z\"><\/path><\/svg>\t\t\t\t\t\t<\/span>\n\t\t\t\t\t\t\t\t\t\t<span class=\"elementor-icon-list-text\">+033(0)4 28 36 07 23<\/span>\n\t\t\t\t\t\t\t\t\t<\/li>\n\t\t\t\t\t\t\t\t<li class=\"elementor-icon-list-item\">\n\t\t\t\t\t\t\t\t\t\t\t<span class=\"elementor-icon-list-icon\">\n\t\t\t\t\t\t\t<svg xmlns=\"http:\/\/www.w3.org\/2000\/svg\" viewBox=\"0 0 512 512\"><path d=\"M64 96c-17.7 0-32 14.3-32 32v39.9L227.6 311.3c16.9 12.4 39.9 12.4 56.8 0L480 167.9V128c0-17.7-14.3-32-32-32H64zM32 207.6V384c0 17.7 14.3 32 32 32H448c17.7 0 32-14.3 32-32V207.6L303.3 337.1c-28.2 20.6-66.5 20.6-94.6 0L32 207.6zM0 128C0 92.7 28.7 64 64 64H448c35.3 0 64 28.7 64 64V384c0 35.3-28.7 64-64 64H64c-35.3 0-64-28.7-64-64V128z\"><\/path><\/svg>\t\t\t\t\t\t<\/span>\n\t\t\t\t\t\t\t\t\t\t<span class=\"elementor-icon-list-text\">sales@laboratoiresplp.com<\/span>\n\t\t\t\t\t\t\t\t\t<\/li>\n\t\t\t\t\t\t<\/ul>\n\t\t\t\t\t\t<\/div>\n\t\t\t\t<\/div>\n\t\t\t\t<div class=\"elementor-element elementor-element-da82fb6 contact-job elementor-widget elementor-widget-text-editor\" data-id=\"da82fb6\" data-element_type=\"widget\" data-widget_type=\"text-editor.default\">\n\t\t\t\t<div class=\"elementor-widget-container\">\n\t\t\t\t\t\t\t\t\t<p>DIRETTORE COMMERCIALE &#8211; PROJECT MANAGER<\/p>\n\t\t\t\t\t\t\t\t<\/div>\n\t\t\t\t<\/div>\n\t\t\t\t\t<\/div>\n\t\t\t\t<\/div>\n\t\t<div class=\"elementor-element elementor-element-179d531 contact-card padding-full-small gap-small e-flex e-con-boxed e-con e-child\" data-id=\"179d531\" data-element_type=\"container\">\n\t\t\t\t\t<div class=\"e-con-inner\">\n\t\t\t\t<div class=\"elementor-element elementor-element-317e940 contact-name elementor-widget elementor-widget-heading\" data-id=\"317e940\" data-element_type=\"widget\" data-widget_type=\"heading.default\">\n\t\t\t\t<div class=\"elementor-widget-container\">\n\t\t\t\t\t<h2 class=\"elementor-heading-title elementor-size-default\">Laurence<br>Boste<\/h2>\t\t\t\t<\/div>\n\t\t\t\t<\/div>\n\t\t\t\t<div class=\"elementor-element elementor-element-73a9dea contact-infos elementor-icon-list--layout-traditional elementor-list-item-link-full_width elementor-widget elementor-widget-icon-list\" data-id=\"73a9dea\" data-element_type=\"widget\" data-widget_type=\"icon-list.default\">\n\t\t\t\t<div class=\"elementor-widget-container\">\n\t\t\t\t\t\t\t<ul class=\"elementor-icon-list-items\">\n\t\t\t\t\t\t\t<li class=\"elementor-icon-list-item\">\n\t\t\t\t\t\t\t\t\t\t\t<span class=\"elementor-icon-list-icon\">\n\t\t\t\t\t\t\t<svg xmlns=\"http:\/\/www.w3.org\/2000\/svg\" viewBox=\"0 0 512 512\"><path d=\"M136.2 275.2c16.4-7 35.4-2.4 46.7 11.4l33.2 40.6c46-26.7 84.4-65.1 111.1-111.1L286.7 183c-13.8-11.3-18.5-30.3-11.4-46.7l48-112C330.8 6.7 349.7-3.1 368.4 .9l112 24C498.8 28.8 512 45.1 512 64v0c0 236.7-183.5 430.5-416 446.9c-4.5 .3-9.1 .6-13.7 .8c0 0 0 0 0 0c0 0-.1 0-.1 0c-6.1 .2-12.1 .4-18.3 .4l0 0c-18.9 0-35.2-13.2-39.1-31.6l-24-112c-4-18.7 5.8-37.6 23.4-45.1l112-48zM64.3 480C293.9 479.8 480 293.7 480 64v0 0 0 0 0 0 0 0 0 0 0 0 0 0 0 0 0 0 0 0 0 0 0 0c0-3.8-2.6-7-6.3-7.8l-112-24c-3.7-.8-7.5 1.2-9 4.7l-48 112c-1.4 3.3-.5 7.1 2.3 9.3l40.6 33.2c12.1 9.9 15.3 27.2 7.4 40.8c-29.5 50.9-71.9 93.3-122.7 122.7c-13.6 7.9-30.9 4.7-40.8-7.4l-33.2-40.6c-2.3-2.8-6.1-3.7-9.3-2.3l-112 48c-3.5 1.5-5.5 5.3-4.7 9l24 112c.8 3.7 4 6.3 7.8 6.3c.1 0 .2 0 .3 0z\"><\/path><\/svg>\t\t\t\t\t\t<\/span>\n\t\t\t\t\t\t\t\t\t\t<span class=\"elementor-icon-list-text\">+033(0)4 28 36 06 48<\/span>\n\t\t\t\t\t\t\t\t\t<\/li>\n\t\t\t\t\t\t\t\t<li class=\"elementor-icon-list-item\">\n\t\t\t\t\t\t\t\t\t\t\t<span class=\"elementor-icon-list-icon\">\n\t\t\t\t\t\t\t<svg xmlns=\"http:\/\/www.w3.org\/2000\/svg\" viewBox=\"0 0 512 512\"><path d=\"M64 96c-17.7 0-32 14.3-32 32v39.9L227.6 311.3c16.9 12.4 39.9 12.4 56.8 0L480 167.9V128c0-17.7-14.3-32-32-32H64zM32 207.6V384c0 17.7 14.3 32 32 32H448c17.7 0 32-14.3 32-32V207.6L303.3 337.1c-28.2 20.6-66.5 20.6-94.6 0L32 207.6zM0 128C0 92.7 28.7 64 64 64H448c35.3 0 64 28.7 64 64V384c0 35.3-28.7 64-64 64H64c-35.3 0-64-28.7-64-64V128z\"><\/path><\/svg>\t\t\t\t\t\t<\/span>\n\t\t\t\t\t\t\t\t\t\t<span class=\"elementor-icon-list-text\">infosplp@laboratoiresplp.com<\/span>\n\t\t\t\t\t\t\t\t\t<\/li>\n\t\t\t\t\t\t<\/ul>\n\t\t\t\t\t\t<\/div>\n\t\t\t\t<\/div>\n\t\t\t\t<div class=\"elementor-element elementor-element-1c63f4b contact-job elementor-widget elementor-widget-text-editor\" data-id=\"1c63f4b\" data-element_type=\"widget\" data-widget_type=\"text-editor.default\">\n\t\t\t\t<div class=\"elementor-widget-container\">\n\t\t\t\t\t\t\t\t\t<p>PROJECT MANAGER ITALIA<\/p>\n\t\t\t\t\t\t\t\t<\/div>\n\t\t\t\t<\/div>\n\t\t\t\t\t<\/div>\n\t\t\t\t<\/div>\n\t\t<div class=\"elementor-element elementor-element-bc83cc2 contact-card padding-full-small gap-small e-flex e-con-boxed e-con e-child\" data-id=\"bc83cc2\" data-element_type=\"container\">\n\t\t\t\t\t<div class=\"e-con-inner\">\n\t\t\t\t<div class=\"elementor-element elementor-element-d21fc5b contact-name elementor-widget elementor-widget-heading\" data-id=\"d21fc5b\" data-element_type=\"widget\" data-widget_type=\"heading.default\">\n\t\t\t\t<div class=\"elementor-widget-container\">\n\t\t\t\t\t<h2 class=\"elementor-heading-title elementor-size-default\">V\u00e9ronique Bienvenu<\/h2>\t\t\t\t<\/div>\n\t\t\t\t<\/div>\n\t\t\t\t<div class=\"elementor-element elementor-element-30419eb contact-infos elementor-icon-list--layout-traditional elementor-list-item-link-full_width elementor-widget elementor-widget-icon-list\" data-id=\"30419eb\" data-element_type=\"widget\" data-widget_type=\"icon-list.default\">\n\t\t\t\t<div class=\"elementor-widget-container\">\n\t\t\t\t\t\t\t<ul class=\"elementor-icon-list-items\">\n\t\t\t\t\t\t\t<li class=\"elementor-icon-list-item\">\n\t\t\t\t\t\t\t\t\t\t\t<span class=\"elementor-icon-list-icon\">\n\t\t\t\t\t\t\t<svg xmlns=\"http:\/\/www.w3.org\/2000\/svg\" viewBox=\"0 0 512 512\"><path d=\"M136.2 275.2c16.4-7 35.4-2.4 46.7 11.4l33.2 40.6c46-26.7 84.4-65.1 111.1-111.1L286.7 183c-13.8-11.3-18.5-30.3-11.4-46.7l48-112C330.8 6.7 349.7-3.1 368.4 .9l112 24C498.8 28.8 512 45.1 512 64v0c0 236.7-183.5 430.5-416 446.9c-4.5 .3-9.1 .6-13.7 .8c0 0 0 0 0 0c0 0-.1 0-.1 0c-6.1 .2-12.1 .4-18.3 .4l0 0c-18.9 0-35.2-13.2-39.1-31.6l-24-112c-4-18.7 5.8-37.6 23.4-45.1l112-48zM64.3 480C293.9 479.8 480 293.7 480 64v0 0 0 0 0 0 0 0 0 0 0 0 0 0 0 0 0 0 0 0 0 0 0 0c0-3.8-2.6-7-6.3-7.8l-112-24c-3.7-.8-7.5 1.2-9 4.7l-48 112c-1.4 3.3-.5 7.1 2.3 9.3l40.6 33.2c12.1 9.9 15.3 27.2 7.4 40.8c-29.5 50.9-71.9 93.3-122.7 122.7c-13.6 7.9-30.9 4.7-40.8-7.4l-33.2-40.6c-2.3-2.8-6.1-3.7-9.3-2.3l-112 48c-3.5 1.5-5.5 5.3-4.7 9l24 112c.8 3.7 4 6.3 7.8 6.3c.1 0 .2 0 .3 0z\"><\/path><\/svg>\t\t\t\t\t\t<\/span>\n\t\t\t\t\t\t\t\t\t\t<span class=\"elementor-icon-list-text\">+033(0)4 28 36 07 22<\/span>\n\t\t\t\t\t\t\t\t\t<\/li>\n\t\t\t\t\t\t\t\t<li class=\"elementor-icon-list-item\">\n\t\t\t\t\t\t\t\t\t\t\t<span class=\"elementor-icon-list-icon\">\n\t\t\t\t\t\t\t<svg xmlns=\"http:\/\/www.w3.org\/2000\/svg\" viewBox=\"0 0 512 512\"><path d=\"M64 96c-17.7 0-32 14.3-32 32v39.9L227.6 311.3c16.9 12.4 39.9 12.4 56.8 0L480 167.9V128c0-17.7-14.3-32-32-32H64zM32 207.6V384c0 17.7 14.3 32 32 32H448c17.7 0 32-14.3 32-32V207.6L303.3 337.1c-28.2 20.6-66.5 20.6-94.6 0L32 207.6zM0 128C0 92.7 28.7 64 64 64H448c35.3 0 64 28.7 64 64V384c0 35.3-28.7 64-64 64H64c-35.3 0-64-28.7-64-64V128z\"><\/path><\/svg>\t\t\t\t\t\t<\/span>\n\t\t\t\t\t\t\t\t\t\t<span class=\"elementor-icon-list-text\">r-d@laboratoiresplp.com<\/span>\n\t\t\t\t\t\t\t\t\t<\/li>\n\t\t\t\t\t\t<\/ul>\n\t\t\t\t\t\t<\/div>\n\t\t\t\t<\/div>\n\t\t\t\t<div class=\"elementor-element elementor-element-63baf50 contact-job elementor-widget elementor-widget-text-editor\" data-id=\"63baf50\" data-element_type=\"widget\" data-widget_type=\"text-editor.default\">\n\t\t\t\t<div class=\"elementor-widget-container\">\n\t\t\t\t\t\t\t\t\t<p>RESPONSABILE DI PROGETTO RD<\/p>\n\t\t\t\t\t\t\t\t<\/div>\n\t\t\t\t<\/div>\n\t\t\t\t\t<\/div>\n\t\t\t\t<\/div>\n\t\t\t\t\t<\/div>\n\t\t\t\t<\/div>\n\t\t\t\t\t<\/div>\n\t\t\t\t<\/div>\n\t\t\t\t<\/div>\n\t\t","protected":false},"excerpt":{"rendered":"<p>Parc d&#8217;activit\u00e9 Chalaronne Centre Rue Louis Bl\u00e9riot 01400 Ch\u00e2tillon-sur-Chalaronne Tel. standard +33(0)428360027 Email contact@laboratoiresplp.com Scrivere un messaggio Reparto commerciale Jonnathan Peigney +033(0)4 28 36 07 23 sales@laboratoiresplp.com DIRETTORE COMMERCIALE &#8211; PROJECT MANAGER LaurenceBoste +033(0)4 28 36 06 48 infosplp@laboratoiresplp.com PROJECT MANAGER ITALIA V\u00e9ronique Bienvenu +033(0)4 28 36 07 22 r-d@laboratoiresplp.com RESPONSABILE DI PROGETTO RD<\/p>\n","protected":false},"author":3,"featured_media":0,"parent":0,"menu_order":0,"comment_status":"closed","ping_status":"closed","template":"","meta":{"_acf_changed":false,"footnotes":""},"class_list":["post-4863","page","type-page","status-publish","hentry"],"acf":[],"yoast_head":"<!-- This site is optimized with the Yoast SEO plugin v26.0 - https:\/\/yoast.com\/wordpress\/plugins\/seo\/ -->\n<title>Contatto - Laboratoire SPLP<\/title>\n<meta name=\"description\" content=\"Parliamo del tuo progetto: il nostro ufficio vendite \u00e8 a tua disposizione per consigliarti e supportarti.\" \/>\n<meta name=\"robots\" content=\"index, follow, max-snippet:-1, max-image-preview:large, max-video-preview:-1\" \/>\n<link rel=\"canonical\" href=\"https:\/\/laboratoiresplp.com\/it\/contatto\/\" \/>\n<meta property=\"og:locale\" content=\"it_IT\" \/>\n<meta property=\"og:type\" content=\"article\" \/>\n<meta property=\"og:title\" content=\"Contatto - Laboratoire SPLP\" \/>\n<meta property=\"og:description\" content=\"Parliamo del tuo progetto: il nostro ufficio vendite \u00e8 a tua disposizione per consigliarti e supportarti.\" \/>\n<meta property=\"og:url\" content=\"https:\/\/laboratoiresplp.com\/it\/contatto\/\" \/>\n<meta property=\"og:site_name\" content=\"Laboratoire SPLP\" \/>\n<meta property=\"article:modified_time\" content=\"2025-09-03T08:22:57+00:00\" \/>\n<meta property=\"og:image\" content=\"https:\/\/laboratoiresplp.com\/wp-content\/uploads\/2024\/08\/ImageGeneriqueGellules.jpg\" \/>\n\t<meta property=\"og:image:width\" content=\"1200\" \/>\n\t<meta property=\"og:image:height\" content=\"675\" \/>\n\t<meta property=\"og:image:type\" content=\"image\/jpeg\" \/>\n<meta name=\"twitter:card\" content=\"summary_large_image\" \/>\n<meta name=\"twitter:label1\" content=\"Tempo di lettura stimato\" \/>\n\t<meta name=\"twitter:data1\" content=\"1 minuto\" \/>\n<script type=\"application\/ld+json\" class=\"yoast-schema-graph\">{\"@context\":\"https:\/\/schema.org\",\"@graph\":[{\"@type\":\"WebPage\",\"@id\":\"https:\/\/laboratoiresplp.com\/it\/contatto\/\",\"url\":\"https:\/\/laboratoiresplp.com\/it\/contatto\/\",\"name\":\"Contatto - Laboratoire SPLP\",\"isPartOf\":{\"@id\":\"https:\/\/laboratoiresplp.com\/#website\"},\"datePublished\":\"2024-02-22T14:06:28+00:00\",\"dateModified\":\"2025-09-03T08:22:57+00:00\",\"description\":\"Parliamo del tuo progetto: il nostro ufficio vendite \u00e8 a tua disposizione per consigliarti e supportarti.\",\"breadcrumb\":{\"@id\":\"https:\/\/laboratoiresplp.com\/it\/contatto\/#breadcrumb\"},\"inLanguage\":\"it-IT\",\"potentialAction\":[{\"@type\":\"ReadAction\",\"target\":[\"https:\/\/laboratoiresplp.com\/it\/contatto\/\"]}]},{\"@type\":\"BreadcrumbList\",\"@id\":\"https:\/\/laboratoiresplp.com\/it\/contatto\/#breadcrumb\",\"itemListElement\":[{\"@type\":\"ListItem\",\"position\":1,\"name\":\"Accueil\",\"item\":\"https:\/\/laboratoiresplp.com\/it\/\"},{\"@type\":\"ListItem\",\"position\":2,\"name\":\"Contatto\"}]},{\"@type\":\"WebSite\",\"@id\":\"https:\/\/laboratoiresplp.com\/#website\",\"url\":\"https:\/\/laboratoiresplp.com\/\",\"name\":\"Laboratoire SPLP\",\"description\":\"Fa\u00e7onneur d&#039;envies\",\"publisher\":{\"@id\":\"https:\/\/laboratoiresplp.com\/#organization\"},\"alternateName\":\"Labo SPLP\",\"potentialAction\":[{\"@type\":\"SearchAction\",\"target\":{\"@type\":\"EntryPoint\",\"urlTemplate\":\"https:\/\/laboratoiresplp.com\/?s={search_term_string}\"},\"query-input\":{\"@type\":\"PropertyValueSpecification\",\"valueRequired\":true,\"valueName\":\"search_term_string\"}}],\"inLanguage\":\"it-IT\"},{\"@type\":\"Organization\",\"@id\":\"https:\/\/laboratoiresplp.com\/#organization\",\"name\":\"Laboratoire SPLP\",\"alternateName\":\"Labo SPLP\",\"url\":\"https:\/\/laboratoiresplp.com\/\",\"logo\":{\"@type\":\"ImageObject\",\"inLanguage\":\"it-IT\",\"@id\":\"https:\/\/laboratoiresplp.com\/#\/schema\/logo\/image\/\",\"url\":\"https:\/\/laboratoiresplp.com\/wp-content\/uploads\/2024\/02\/splp-logo.webp\",\"contentUrl\":\"https:\/\/laboratoiresplp.com\/wp-content\/uploads\/2024\/02\/splp-logo.webp\",\"width\":1625,\"height\":1548,\"caption\":\"Laboratoire SPLP\"},\"image\":{\"@id\":\"https:\/\/laboratoiresplp.com\/#\/schema\/logo\/image\/\"},\"sameAs\":[\"https:\/\/www.linkedin.com\/company\/laboratoiresplp\/?originalSubdomain=fr\"]}]}<\/script>\n<!-- \/ Yoast SEO plugin. -->","yoast_head_json":{"title":"Contatto - Laboratoire SPLP","description":"Parliamo del tuo progetto: il nostro ufficio vendite \u00e8 a tua disposizione per consigliarti e supportarti.","robots":{"index":"index","follow":"follow","max-snippet":"max-snippet:-1","max-image-preview":"max-image-preview:large","max-video-preview":"max-video-preview:-1"},"canonical":"https:\/\/laboratoiresplp.com\/it\/contatto\/","og_locale":"it_IT","og_type":"article","og_title":"Contatto - Laboratoire SPLP","og_description":"Parliamo del tuo progetto: il nostro ufficio vendite \u00e8 a tua disposizione per consigliarti e supportarti.","og_url":"https:\/\/laboratoiresplp.com\/it\/contatto\/","og_site_name":"Laboratoire SPLP","article_modified_time":"2025-09-03T08:22:57+00:00","og_image":[{"width":1200,"height":675,"url":"https:\/\/laboratoiresplp.com\/wp-content\/uploads\/2024\/08\/ImageGeneriqueGellules.jpg","type":"image\/jpeg"}],"twitter_card":"summary_large_image","twitter_misc":{"Tempo di lettura stimato":"1 minuto"},"schema":{"@context":"https:\/\/schema.org","@graph":[{"@type":"WebPage","@id":"https:\/\/laboratoiresplp.com\/it\/contatto\/","url":"https:\/\/laboratoiresplp.com\/it\/contatto\/","name":"Contatto - Laboratoire SPLP","isPartOf":{"@id":"https:\/\/laboratoiresplp.com\/#website"},"datePublished":"2024-02-22T14:06:28+00:00","dateModified":"2025-09-03T08:22:57+00:00","description":"Parliamo del tuo progetto: il nostro ufficio vendite \u00e8 a tua disposizione per consigliarti e supportarti.","breadcrumb":{"@id":"https:\/\/laboratoiresplp.com\/it\/contatto\/#breadcrumb"},"inLanguage":"it-IT","potentialAction":[{"@type":"ReadAction","target":["https:\/\/laboratoiresplp.com\/it\/contatto\/"]}]},{"@type":"BreadcrumbList","@id":"https:\/\/laboratoiresplp.com\/it\/contatto\/#breadcrumb","itemListElement":[{"@type":"ListItem","position":1,"name":"Accueil","item":"https:\/\/laboratoiresplp.com\/it\/"},{"@type":"ListItem","position":2,"name":"Contatto"}]},{"@type":"WebSite","@id":"https:\/\/laboratoiresplp.com\/#website","url":"https:\/\/laboratoiresplp.com\/","name":"Laboratoire SPLP","description":"Fa\u00e7onneur d&#039;envies","publisher":{"@id":"https:\/\/laboratoiresplp.com\/#organization"},"alternateName":"Labo SPLP","potentialAction":[{"@type":"SearchAction","target":{"@type":"EntryPoint","urlTemplate":"https:\/\/laboratoiresplp.com\/?s={search_term_string}"},"query-input":{"@type":"PropertyValueSpecification","valueRequired":true,"valueName":"search_term_string"}}],"inLanguage":"it-IT"},{"@type":"Organization","@id":"https:\/\/laboratoiresplp.com\/#organization","name":"Laboratoire SPLP","alternateName":"Labo SPLP","url":"https:\/\/laboratoiresplp.com\/","logo":{"@type":"ImageObject","inLanguage":"it-IT","@id":"https:\/\/laboratoiresplp.com\/#\/schema\/logo\/image\/","url":"https:\/\/laboratoiresplp.com\/wp-content\/uploads\/2024\/02\/splp-logo.webp","contentUrl":"https:\/\/laboratoiresplp.com\/wp-content\/uploads\/2024\/02\/splp-logo.webp","width":1625,"height":1548,"caption":"Laboratoire SPLP"},"image":{"@id":"https:\/\/laboratoiresplp.com\/#\/schema\/logo\/image\/"},"sameAs":["https:\/\/www.linkedin.com\/company\/laboratoiresplp\/?originalSubdomain=fr"]}]}},"_links":{"self":[{"href":"https:\/\/laboratoiresplp.com\/it\/wp-json\/wp\/v2\/pages\/4863","targetHints":{"allow":["GET"]}}],"collection":[{"href":"https:\/\/laboratoiresplp.com\/it\/wp-json\/wp\/v2\/pages"}],"about":[{"href":"https:\/\/laboratoiresplp.com\/it\/wp-json\/wp\/v2\/types\/page"}],"author":[{"embeddable":true,"href":"https:\/\/laboratoiresplp.com\/it\/wp-json\/wp\/v2\/users\/3"}],"replies":[{"embeddable":true,"href":"https:\/\/laboratoiresplp.com\/it\/wp-json\/wp\/v2\/comments?post=4863"}],"version-history":[{"count":18,"href":"https:\/\/laboratoiresplp.com\/it\/wp-json\/wp\/v2\/pages\/4863\/revisions"}],"predecessor-version":[{"id":5735,"href":"https:\/\/laboratoiresplp.com\/it\/wp-json\/wp\/v2\/pages\/4863\/revisions\/5735"}],"wp:attachment":[{"href":"https:\/\/laboratoiresplp.com\/it\/wp-json\/wp\/v2\/media?parent=4863"}],"curies":[{"name":"wp","href":"https:\/\/api.w.org\/{rel}","templated":true}]}}