{"id":4857,"date":"2024-06-11T10:41:21","date_gmt":"2024-06-11T08:41:21","guid":{"rendered":"https:\/\/laboratoiresplp.com\/imballaggio\/"},"modified":"2024-07-29T12:11:43","modified_gmt":"2024-07-29T10:11:43","slug":"imballaggio","status":"publish","type":"page","link":"https:\/\/laboratoiresplp.com\/it\/imballaggio\/","title":{"rendered":"Condizionamento"},"content":{"rendered":"\t\t<div data-elementor-type=\"wp-page\" data-elementor-id=\"4857\" class=\"elementor elementor-4857 elementor-4343\" data-elementor-post-type=\"page\">\n\t\t\t\t<div class=\"elementor-element elementor-element-ae06a75 padding-top gap-large e-flex e-con-boxed e-con e-parent\" data-id=\"ae06a75\" data-element_type=\"container\" id=\"pilulier\">\n\t\t\t\t\t<div class=\"e-con-inner\">\n\t\t\t\t<div class=\"elementor-element elementor-element-4ad03b5 elementor-widget__width-inherit elementor-widget-mobile__width-inherit elementor-widget elementor-widget-heading\" data-id=\"4ad03b5\" data-element_type=\"widget\" data-widget_type=\"heading.default\">\n\t\t\t\t<div class=\"elementor-widget-container\">\n\t\t\t\t\t<h2 class=\"elementor-heading-title elementor-size-default\">Condizionamento in pilloliere<\/h2>\t\t\t\t<\/div>\n\t\t\t\t<\/div>\n\t\t\t\t<div class=\"elementor-element elementor-element-49df855 elementor-widget__width-initial elementor-widget-tablet__width-inherit elementor-widget-mobile__width-inherit elementor-widget elementor-widget-text-editor\" data-id=\"49df855\" data-element_type=\"widget\" data-widget_type=\"text-editor.default\">\n\t\t\t\t<div class=\"elementor-widget-container\">\n\t\t\t\t\t\t\t\t\t<p>Scoprite le nostre soluzioni di confezionamento per preservare la qualit\u00e0 e la presentazione dei vostri softgel.<\/p>\n\t\t\t\t\t\t\t\t<\/div>\n\t\t\t\t<\/div>\n\t\t<div class=\"elementor-element elementor-element-8fe2811 gap e-flex e-con-boxed e-con e-child\" data-id=\"8fe2811\" data-element_type=\"container\">\n\t\t\t\t\t<div class=\"e-con-inner\">\n\t\t<div class=\"elementor-element elementor-element-f78cd40 e-con-full border-radius-small e-flex e-con e-child\" data-id=\"f78cd40\" data-element_type=\"container\" data-settings=\"{&quot;background_background&quot;:&quot;video&quot;,&quot;background_video_link&quot;:&quot;\\\/wp-content\\\/uploads\\\/2024\\\/05\\\/AdobeStock_633518384.mp4&quot;,&quot;background_play_on_mobile&quot;:&quot;yes&quot;}\">\n\t\t<div class=\"elementor-background-video-container\" aria-hidden=\"true\">\n\t\t\t\t\t\t\t<video class=\"elementor-background-video-hosted\" autoplay muted playsinline loop><\/video>\n\t\t\t\t\t<\/div>\t\t<\/div>\n\t\t\t\t<div class=\"elementor-element elementor-element-6a113d5 border-radius-small elementor-widget__width-initial elementor-widget-tablet__width-inherit elementor-widget-mobile__width-inherit elementor-cta--skin-classic elementor-animated-content elementor-bg-transform elementor-bg-transform-zoom-in elementor-widget elementor-widget-call-to-action\" data-id=\"6a113d5\" data-element_type=\"widget\" data-widget_type=\"call-to-action.default\">\n\t\t\t\t<div class=\"elementor-widget-container\">\n\t\t\t\t\t\t\t<div class=\"elementor-cta\">\n\t\t\t\t\t\t\t<div class=\"elementor-cta__content\">\n\t\t\t\t\t\t\t\t\t<div class=\"elementor-content-item elementor-cta__content-item elementor-cta__image\">\n\t\t\t\t\t\t<img fetchpriority=\"high\" decoding=\"async\" width=\"322\" height=\"600\" src=\"https:\/\/laboratoiresplp.com\/wp-content\/uploads\/2024\/04\/AdobeStock_131011541.webp\" class=\"attachment-full size-full wp-image-1219\" alt=\"\" srcset=\"https:\/\/laboratoiresplp.com\/wp-content\/uploads\/2024\/04\/AdobeStock_131011541.webp 322w, https:\/\/laboratoiresplp.com\/wp-content\/uploads\/2024\/04\/AdobeStock_131011541-161x300.webp 161w\" sizes=\"(max-width: 322px) 100vw, 322px\" \/>\t\t\t\t\t<\/div>\n\t\t\t\t\n\t\t\t\t\t\t\t\t\t<h2 class=\"elementor-cta__title elementor-cta__content-item elementor-content-item\">\n\t\t\t\t\t\tCondizionamento in pilloliere\t\t\t\t\t<\/h2>\n\t\t\t\t\n\t\t\t\t\t\t\t\t\t<div class=\"elementor-cta__description elementor-cta__content-item elementor-content-item\">\n\t\t\t\t\t\t<p>Per assicurarci che la vostra esperienza di acquisto si svolga senza problemi, vi offriamo un servizio completo in pilloliere Per preservare la qualit\u00e0 delle capsule, il riempimento delle pilloliere \u00e8 completamente automatizzato e controllato durante tutto il processo di confezionamento. Offriamo un'ampia gamma di pilloliere che possono essere adattate alle vostre esigenze e aspettative. Per dare al vostro marchio un'identit\u00e0 unica, ogni pilloliere pu\u00f2 essere personalizzato. L'etichettatura, confezionamento in astuccio, l'aggiunta di fogli illustrativi, la gestione degli articoli di condizionamento possono essere fatti da voi. Questo servizio pu\u00f2 essere effettuato con le VOSTRE softgel e\/o compresse<\/p>\n\t\t\t\t\t<\/div>\n\t\t\t\t\n\t\t\t\t\t\t\t<\/div>\n\t\t\t\t\t\t<\/div>\n\t\t\t\t\t\t<\/div>\n\t\t\t\t<\/div>\n\t\t\t\t\t<\/div>\n\t\t\t\t<\/div>\n\t\t\t\t\t<\/div>\n\t\t\t\t<\/div>\n\t\t<div class=\"elementor-element elementor-element-57ff4c6 padding gap-large e-flex e-con-boxed e-con e-parent\" data-id=\"57ff4c6\" data-element_type=\"container\" id=\"blisterisation\">\n\t\t\t\t\t<div class=\"e-con-inner\">\n\t\t\t\t<div class=\"elementor-element elementor-element-d56a5c8 elementor-widget__width-inherit elementor-widget elementor-widget-heading\" data-id=\"d56a5c8\" data-element_type=\"widget\" data-widget_type=\"heading.default\">\n\t\t\t\t<div class=\"elementor-widget-container\">\n\t\t\t\t\t<h2 class=\"elementor-heading-title elementor-size-default\">Confezionamento in blister<\/h2>\t\t\t\t<\/div>\n\t\t\t\t<\/div>\n\t\t\t\t<div class=\"elementor-element elementor-element-9136f02 elementor-widget__width-initial elementor-widget-tablet__width-inherit elementor-widget-mobile__width-inherit elementor-widget elementor-widget-text-editor\" data-id=\"9136f02\" data-element_type=\"widget\" data-widget_type=\"text-editor.default\">\n\t\t\t\t<div class=\"elementor-widget-container\">\n\t\t\t\t\t\t\t\t\t<p>Scoprite le nostre soluzioni di confezionamento per preservare la qualit\u00e0 e la presentazione dei vostri softgel.<\/p>\n\t\t\t\t\t\t\t\t<\/div>\n\t\t\t\t<\/div>\n\t\t<div class=\"elementor-element elementor-element-4d623a1 gap e-flex e-con-boxed e-con e-child\" data-id=\"4d623a1\" data-element_type=\"container\">\n\t\t\t\t\t<div class=\"e-con-inner\">\n\t\t\t\t<div class=\"elementor-element elementor-element-9d209b5 border-radius-small elementor-widget__width-initial elementor-widget-tablet__width-inherit elementor-widget-mobile__width-inherit elementor-cta--skin-classic elementor-animated-content elementor-bg-transform elementor-bg-transform-zoom-in elementor-widget elementor-widget-call-to-action\" data-id=\"9d209b5\" data-element_type=\"widget\" data-widget_type=\"call-to-action.default\">\n\t\t\t\t<div class=\"elementor-widget-container\">\n\t\t\t\t\t\t\t<div class=\"elementor-cta\">\n\t\t\t\t\t\t\t<div class=\"elementor-cta__content\">\n\t\t\t\t\t\t\t\t\t<div class=\"elementor-content-item elementor-cta__content-item elementor-cta__image\">\n\t\t\t\t\t\t<img decoding=\"async\" width=\"800\" height=\"560\" src=\"https:\/\/laboratoiresplp.com\/wp-content\/uploads\/2024\/04\/blisters.webp\" class=\"attachment-full size-full wp-image-1225\" alt=\"\" srcset=\"https:\/\/laboratoiresplp.com\/wp-content\/uploads\/2024\/04\/blisters.webp 800w, https:\/\/laboratoiresplp.com\/wp-content\/uploads\/2024\/04\/blisters-300x210.webp 300w, https:\/\/laboratoiresplp.com\/wp-content\/uploads\/2024\/04\/blisters-768x538.webp 768w\" sizes=\"(max-width: 800px) 100vw, 800px\" \/>\t\t\t\t\t<\/div>\n\t\t\t\t\n\t\t\t\t\t\t\t\t\t<h2 class=\"elementor-cta__title elementor-cta__content-item elementor-content-item\">\n\t\t\t\t\t\tConfezionamento in blister\t\t\t\t\t<\/h2>\n\t\t\t\t\n\t\t\t\t\t\t\t\t\t<div class=\"elementor-cta__description elementor-cta__content-item elementor-content-item\">\n\t\t\t\t\t\t<p>Dotati di macchinari all'avanguardia, il nostro obiettivo \u00e8 offrire un confezionamento in blister che protegga e conservi al meglio le vostre capsule. Il nostro processo di confezionamento \u00e8 completamente automatizzato sulle nostre due linee di produzione, garantendo uniformit\u00e0, qualit\u00e0 e velocit\u00e0 di produzione. Numerosi controlli di qualit\u00e0, tra cui prove di tenuta all'inizio, a met\u00e0 e alla fine della produzione, per garantire una qualit\u00e0 ottimale. PVC, alluminio, astucci e foglie illustrative: potete gestire da soli tutti i vostri imballaggi. Questo servizio di blisteratura pu\u00f2 essere effettuato con le VOSTRE capsule e\/o con le compresse.<\/p>\n\t\t\t\t\t<\/div>\n\t\t\t\t\n\t\t\t\t\t\t\t<\/div>\n\t\t\t\t\t\t<\/div>\n\t\t\t\t\t\t<\/div>\n\t\t\t\t<\/div>\n\t\t<div class=\"elementor-element elementor-element-7f25e6e e-con-full border-radius-small e-flex e-con e-child\" data-id=\"7f25e6e\" data-element_type=\"container\" data-settings=\"{&quot;background_background&quot;:&quot;classic&quot;}\">\n\t\t\t\t<\/div>\n\t\t\t\t\t<\/div>\n\t\t\t\t<\/div>\n\t\t\t\t\t<\/div>\n\t\t\t\t<\/div>\n\t\t\t\t<\/div>\n\t\t","protected":false},"excerpt":{"rendered":"<p>Condizionamento in pilloliere Scoprite le nostre soluzioni di confezionamento per preservare la qualit\u00e0 e la presentazione dei vostri softgel. Condizionamento in pilloliere Per assicurarci che la vostra esperienza di acquisto si svolga senza problemi, vi offriamo un servizio completo in pilloliere Per preservare la qualit\u00e0 delle capsule, il riempimento delle pilloliere \u00e8 completamente automatizzato e [&hellip;]<\/p>\n","protected":false},"author":3,"featured_media":0,"parent":0,"menu_order":0,"comment_status":"closed","ping_status":"closed","template":"","meta":{"_acf_changed":false,"footnotes":""},"class_list":["post-4857","page","type-page","status-publish","hentry"],"acf":[],"yoast_head":"<!-- This site is optimized with the Yoast SEO plugin v26.0 - https:\/\/yoast.com\/wordpress\/plugins\/seo\/ -->\n<title>Condizionamento - Laboratoire SPLP<\/title>\n<meta name=\"robots\" content=\"index, follow, max-snippet:-1, max-image-preview:large, max-video-preview:-1\" \/>\n<link rel=\"canonical\" href=\"https:\/\/laboratoiresplp.com\/it\/imballaggio\/\" \/>\n<meta property=\"og:locale\" content=\"it_IT\" \/>\n<meta property=\"og:type\" content=\"article\" \/>\n<meta property=\"og:title\" content=\"Condizionamento - Laboratoire SPLP\" \/>\n<meta property=\"og:description\" content=\"Condizionamento in pilloliere Scoprite le nostre soluzioni di confezionamento per preservare la qualit\u00e0 e la presentazione dei vostri softgel. Condizionamento in pilloliere Per assicurarci che la vostra esperienza di acquisto si svolga senza problemi, vi offriamo un servizio completo in pilloliere Per preservare la qualit\u00e0 delle capsule, il riempimento delle pilloliere \u00e8 completamente automatizzato e [&hellip;]\" \/>\n<meta property=\"og:url\" content=\"https:\/\/laboratoiresplp.com\/it\/imballaggio\/\" \/>\n<meta property=\"og:site_name\" content=\"Laboratoire SPLP\" \/>\n<meta property=\"article:modified_time\" content=\"2024-07-29T10:11:43+00:00\" \/>\n<meta property=\"og:image\" content=\"https:\/\/laboratoiresplp.com\/wp-content\/uploads\/2024\/04\/AdobeStock_131011541.webp\" \/>\n<meta name=\"twitter:card\" content=\"summary_large_image\" \/>\n<meta name=\"twitter:label1\" content=\"Tempo di lettura stimato\" \/>\n\t<meta name=\"twitter:data1\" content=\"1 minuto\" \/>\n<script type=\"application\/ld+json\" class=\"yoast-schema-graph\">{\"@context\":\"https:\/\/schema.org\",\"@graph\":[{\"@type\":\"WebPage\",\"@id\":\"https:\/\/laboratoiresplp.com\/it\/imballaggio\/\",\"url\":\"https:\/\/laboratoiresplp.com\/it\/imballaggio\/\",\"name\":\"Condizionamento - Laboratoire SPLP\",\"isPartOf\":{\"@id\":\"https:\/\/laboratoiresplp.com\/#website\"},\"primaryImageOfPage\":{\"@id\":\"https:\/\/laboratoiresplp.com\/it\/imballaggio\/#primaryimage\"},\"image\":{\"@id\":\"https:\/\/laboratoiresplp.com\/it\/imballaggio\/#primaryimage\"},\"thumbnailUrl\":\"https:\/\/laboratoiresplp.com\/wp-content\/uploads\/2024\/04\/AdobeStock_131011541.webp\",\"datePublished\":\"2024-06-11T08:41:21+00:00\",\"dateModified\":\"2024-07-29T10:11:43+00:00\",\"breadcrumb\":{\"@id\":\"https:\/\/laboratoiresplp.com\/it\/imballaggio\/#breadcrumb\"},\"inLanguage\":\"it-IT\",\"potentialAction\":[{\"@type\":\"ReadAction\",\"target\":[\"https:\/\/laboratoiresplp.com\/it\/imballaggio\/\"]}]},{\"@type\":\"ImageObject\",\"inLanguage\":\"it-IT\",\"@id\":\"https:\/\/laboratoiresplp.com\/it\/imballaggio\/#primaryimage\",\"url\":\"https:\/\/laboratoiresplp.com\/wp-content\/uploads\/2024\/04\/AdobeStock_131011541.webp\",\"contentUrl\":\"https:\/\/laboratoiresplp.com\/wp-content\/uploads\/2024\/04\/AdobeStock_131011541.webp\"},{\"@type\":\"BreadcrumbList\",\"@id\":\"https:\/\/laboratoiresplp.com\/it\/imballaggio\/#breadcrumb\",\"itemListElement\":[{\"@type\":\"ListItem\",\"position\":1,\"name\":\"Accueil\",\"item\":\"https:\/\/laboratoiresplp.com\/it\/\"},{\"@type\":\"ListItem\",\"position\":2,\"name\":\"Condizionamento\"}]},{\"@type\":\"WebSite\",\"@id\":\"https:\/\/laboratoiresplp.com\/#website\",\"url\":\"https:\/\/laboratoiresplp.com\/\",\"name\":\"Laboratoire SPLP\",\"description\":\"Fa\u00e7onneur d&#039;envies\",\"publisher\":{\"@id\":\"https:\/\/laboratoiresplp.com\/#organization\"},\"alternateName\":\"Labo SPLP\",\"potentialAction\":[{\"@type\":\"SearchAction\",\"target\":{\"@type\":\"EntryPoint\",\"urlTemplate\":\"https:\/\/laboratoiresplp.com\/?s={search_term_string}\"},\"query-input\":{\"@type\":\"PropertyValueSpecification\",\"valueRequired\":true,\"valueName\":\"search_term_string\"}}],\"inLanguage\":\"it-IT\"},{\"@type\":\"Organization\",\"@id\":\"https:\/\/laboratoiresplp.com\/#organization\",\"name\":\"Laboratoire SPLP\",\"alternateName\":\"Labo SPLP\",\"url\":\"https:\/\/laboratoiresplp.com\/\",\"logo\":{\"@type\":\"ImageObject\",\"inLanguage\":\"it-IT\",\"@id\":\"https:\/\/laboratoiresplp.com\/#\/schema\/logo\/image\/\",\"url\":\"https:\/\/laboratoiresplp.com\/wp-content\/uploads\/2024\/02\/splp-logo.webp\",\"contentUrl\":\"https:\/\/laboratoiresplp.com\/wp-content\/uploads\/2024\/02\/splp-logo.webp\",\"width\":1625,\"height\":1548,\"caption\":\"Laboratoire SPLP\"},\"image\":{\"@id\":\"https:\/\/laboratoiresplp.com\/#\/schema\/logo\/image\/\"},\"sameAs\":[\"https:\/\/www.linkedin.com\/company\/laboratoiresplp\/?originalSubdomain=fr\"]}]}<\/script>\n<!-- \/ Yoast SEO plugin. -->","yoast_head_json":{"title":"Condizionamento - Laboratoire SPLP","robots":{"index":"index","follow":"follow","max-snippet":"max-snippet:-1","max-image-preview":"max-image-preview:large","max-video-preview":"max-video-preview:-1"},"canonical":"https:\/\/laboratoiresplp.com\/it\/imballaggio\/","og_locale":"it_IT","og_type":"article","og_title":"Condizionamento - Laboratoire SPLP","og_description":"Condizionamento in pilloliere Scoprite le nostre soluzioni di confezionamento per preservare la qualit\u00e0 e la presentazione dei vostri softgel. Condizionamento in pilloliere Per assicurarci che la vostra esperienza di acquisto si svolga senza problemi, vi offriamo un servizio completo in pilloliere Per preservare la qualit\u00e0 delle capsule, il riempimento delle pilloliere \u00e8 completamente automatizzato e [&hellip;]","og_url":"https:\/\/laboratoiresplp.com\/it\/imballaggio\/","og_site_name":"Laboratoire SPLP","article_modified_time":"2024-07-29T10:11:43+00:00","og_image":[{"url":"https:\/\/laboratoiresplp.com\/wp-content\/uploads\/2024\/04\/AdobeStock_131011541.webp","type":"","width":"","height":""}],"twitter_card":"summary_large_image","twitter_misc":{"Tempo di lettura stimato":"1 minuto"},"schema":{"@context":"https:\/\/schema.org","@graph":[{"@type":"WebPage","@id":"https:\/\/laboratoiresplp.com\/it\/imballaggio\/","url":"https:\/\/laboratoiresplp.com\/it\/imballaggio\/","name":"Condizionamento - Laboratoire SPLP","isPartOf":{"@id":"https:\/\/laboratoiresplp.com\/#website"},"primaryImageOfPage":{"@id":"https:\/\/laboratoiresplp.com\/it\/imballaggio\/#primaryimage"},"image":{"@id":"https:\/\/laboratoiresplp.com\/it\/imballaggio\/#primaryimage"},"thumbnailUrl":"https:\/\/laboratoiresplp.com\/wp-content\/uploads\/2024\/04\/AdobeStock_131011541.webp","datePublished":"2024-06-11T08:41:21+00:00","dateModified":"2024-07-29T10:11:43+00:00","breadcrumb":{"@id":"https:\/\/laboratoiresplp.com\/it\/imballaggio\/#breadcrumb"},"inLanguage":"it-IT","potentialAction":[{"@type":"ReadAction","target":["https:\/\/laboratoiresplp.com\/it\/imballaggio\/"]}]},{"@type":"ImageObject","inLanguage":"it-IT","@id":"https:\/\/laboratoiresplp.com\/it\/imballaggio\/#primaryimage","url":"https:\/\/laboratoiresplp.com\/wp-content\/uploads\/2024\/04\/AdobeStock_131011541.webp","contentUrl":"https:\/\/laboratoiresplp.com\/wp-content\/uploads\/2024\/04\/AdobeStock_131011541.webp"},{"@type":"BreadcrumbList","@id":"https:\/\/laboratoiresplp.com\/it\/imballaggio\/#breadcrumb","itemListElement":[{"@type":"ListItem","position":1,"name":"Accueil","item":"https:\/\/laboratoiresplp.com\/it\/"},{"@type":"ListItem","position":2,"name":"Condizionamento"}]},{"@type":"WebSite","@id":"https:\/\/laboratoiresplp.com\/#website","url":"https:\/\/laboratoiresplp.com\/","name":"Laboratoire SPLP","description":"Fa\u00e7onneur d&#039;envies","publisher":{"@id":"https:\/\/laboratoiresplp.com\/#organization"},"alternateName":"Labo SPLP","potentialAction":[{"@type":"SearchAction","target":{"@type":"EntryPoint","urlTemplate":"https:\/\/laboratoiresplp.com\/?s={search_term_string}"},"query-input":{"@type":"PropertyValueSpecification","valueRequired":true,"valueName":"search_term_string"}}],"inLanguage":"it-IT"},{"@type":"Organization","@id":"https:\/\/laboratoiresplp.com\/#organization","name":"Laboratoire SPLP","alternateName":"Labo SPLP","url":"https:\/\/laboratoiresplp.com\/","logo":{"@type":"ImageObject","inLanguage":"it-IT","@id":"https:\/\/laboratoiresplp.com\/#\/schema\/logo\/image\/","url":"https:\/\/laboratoiresplp.com\/wp-content\/uploads\/2024\/02\/splp-logo.webp","contentUrl":"https:\/\/laboratoiresplp.com\/wp-content\/uploads\/2024\/02\/splp-logo.webp","width":1625,"height":1548,"caption":"Laboratoire SPLP"},"image":{"@id":"https:\/\/laboratoiresplp.com\/#\/schema\/logo\/image\/"},"sameAs":["https:\/\/www.linkedin.com\/company\/laboratoiresplp\/?originalSubdomain=fr"]}]}},"_links":{"self":[{"href":"https:\/\/laboratoiresplp.com\/it\/wp-json\/wp\/v2\/pages\/4857","targetHints":{"allow":["GET"]}}],"collection":[{"href":"https:\/\/laboratoiresplp.com\/it\/wp-json\/wp\/v2\/pages"}],"about":[{"href":"https:\/\/laboratoiresplp.com\/it\/wp-json\/wp\/v2\/types\/page"}],"author":[{"embeddable":true,"href":"https:\/\/laboratoiresplp.com\/it\/wp-json\/wp\/v2\/users\/3"}],"replies":[{"embeddable":true,"href":"https:\/\/laboratoiresplp.com\/it\/wp-json\/wp\/v2\/comments?post=4857"}],"version-history":[{"count":5,"href":"https:\/\/laboratoiresplp.com\/it\/wp-json\/wp\/v2\/pages\/4857\/revisions"}],"predecessor-version":[{"id":4925,"href":"https:\/\/laboratoiresplp.com\/it\/wp-json\/wp\/v2\/pages\/4857\/revisions\/4925"}],"wp:attachment":[{"href":"https:\/\/laboratoiresplp.com\/it\/wp-json\/wp\/v2\/media?parent=4857"}],"curies":[{"name":"wp","href":"https:\/\/api.w.org\/{rel}","templated":true}]}}