{"id":635,"date":"2024-04-15T16:16:54","date_gmt":"2024-04-15T14:16:54","guid":{"rendered":"https:\/\/splp.moovsit.fr\/?page_id=635"},"modified":"2024-06-27T17:04:04","modified_gmt":"2024-06-27T15:04:04","slug":"test","status":"publish","type":"page","link":"https:\/\/laboratoiresplp.com\/en\/test\/","title":{"rendered":"Test"},"content":{"rendered":"\t\t<div data-elementor-type=\"wp-page\" data-elementor-id=\"635\" class=\"elementor elementor-635\" data-elementor-post-type=\"page\">\n\t\t\t\t<div class=\"elementor-element elementor-element-537a463 e-flex e-con-boxed e-con e-parent\" data-id=\"537a463\" data-element_type=\"container\">\n\t\t\t\t\t<div class=\"e-con-inner\">\n\t\t\t\t\t<\/div>\n\t\t\t\t<\/div>\n\t\t<div class=\"elementor-element elementor-element-1b03729 e-con-full logoMarqueeSection e-flex e-con e-parent\" data-id=\"1b03729\" data-element_type=\"container\" data-settings=\"{&quot;background_background&quot;:&quot;classic&quot;}\">\n\t\t<div class=\"elementor-element elementor-element-8b12d9c e-con-full container e-flex e-con e-child\" data-id=\"8b12d9c\" data-element_type=\"container\" id=\"logoMarqueeSection\">\n\t\t<div class=\"elementor-element elementor-element-ee049dd e-con-full default-content-container flex items-center e-flex e-con e-child\" data-id=\"ee049dd\" data-element_type=\"container\">\n\t\t<div class=\"elementor-element elementor-element-cc8bdd5 e-con-full default-content-container-inner marquee-wrapper relative overflow-hidden inline-block e-flex e-con e-child\" data-id=\"cc8bdd5\" data-element_type=\"container\">\n\t\t<div class=\"elementor-element elementor-element-0738e46 e-con-full marquee e-flex e-con e-child\" data-id=\"0738e46\" data-element_type=\"container\">\n\t\t\t\t<div class=\"elementor-element elementor-element-bf0f84e elementor-widget__width-initial elementor-widget elementor-widget-text-editor\" data-id=\"bf0f84e\" data-element_type=\"widget\" data-widget_type=\"text-editor.default\">\n\t\t\t\t<div class=\"elementor-widget-container\">\n\t\t\t\t\t\t\t\t\t<a target=\"_blank\">EXPERTISE<\/a>\n<svg xmlns=\"http:\/\/www.w3.org\/2000\/svg\" width=\"40\" height=\"40\" viewBox=\"0 0 40 40\" fill=\"none\">\n              <g clip-path=\"url(#clip0_561_3007)\">\n                <path d=\"M16.3279 0.978516V15.7653L2.26773 11.1965L0 18.1762L14.061 22.7457L5.36953 34.7083L11.3102 39.0216L20.0016 27.0614L28.6907 39.0216L34.6289 34.7083L25.9367 22.7489L40 18.1793L37.7323 11.1993L23.669 15.7682V0.981482H16.328L16.3279 0.978516Z\" fill=\"#292929\"\/>\n              <\/g>\n              <defs>\n                <clipPath id=\"clip0_561_3007\">\n                  <rect width=\"40\" height=\"40\" fill=\"white\"\/>\n                <\/clipPath>\n              <\/defs>\n            <\/svg>\t\t\t\t\t\t\t\t<\/div>\n\t\t\t\t<\/div>\n\t\t\t\t<div class=\"elementor-element elementor-element-08c2d01 elementor-widget__width-initial elementor-widget elementor-widget-text-editor\" data-id=\"08c2d01\" data-element_type=\"widget\" data-widget_type=\"text-editor.default\">\n\t\t\t\t<div class=\"elementor-widget-container\">\n\t\t\t\t\t\t\t\t\t<a target=\"_blank\">EXPERTISE<\/a>\n<svg xmlns=\"http:\/\/www.w3.org\/2000\/svg\" width=\"40\" height=\"40\" viewBox=\"0 0 40 40\" fill=\"none\">\n              <g clip-path=\"url(#clip0_561_3007)\">\n                <path d=\"M16.3279 0.978516V15.7653L2.26773 11.1965L0 18.1762L14.061 22.7457L5.36953 34.7083L11.3102 39.0216L20.0016 27.0614L28.6907 39.0216L34.6289 34.7083L25.9367 22.7489L40 18.1793L37.7323 11.1993L23.669 15.7682V0.981482H16.328L16.3279 0.978516Z\" fill=\"#292929\"\/>\n              <\/g>\n              <defs>\n                <clipPath id=\"clip0_561_3007\">\n                  <rect width=\"40\" height=\"40\" fill=\"white\"\/>\n                <\/clipPath>\n              <\/defs>\n            <\/svg>\t\t\t\t\t\t\t\t<\/div>\n\t\t\t\t<\/div>\n\t\t\t\t<div class=\"elementor-element elementor-element-ebf7420 elementor-widget__width-initial elementor-widget elementor-widget-text-editor\" data-id=\"ebf7420\" data-element_type=\"widget\" data-widget_type=\"text-editor.default\">\n\t\t\t\t<div class=\"elementor-widget-container\">\n\t\t\t\t\t\t\t\t\t<a target=\"_blank\">EXPERTISE<\/a>\n<svg xmlns=\"http:\/\/www.w3.org\/2000\/svg\" width=\"40\" height=\"40\" viewBox=\"0 0 40 40\" fill=\"none\">\n              <g clip-path=\"url(#clip0_561_3007)\">\n                <path d=\"M16.3279 0.978516V15.7653L2.26773 11.1965L0 18.1762L14.061 22.7457L5.36953 34.7083L11.3102 39.0216L20.0016 27.0614L28.6907 39.0216L34.6289 34.7083L25.9367 22.7489L40 18.1793L37.7323 11.1993L23.669 15.7682V0.981482H16.328L16.3279 0.978516Z\" fill=\"#292929\"\/>\n              <\/g>\n              <defs>\n                <clipPath id=\"clip0_561_3007\">\n                  <rect width=\"40\" height=\"40\" fill=\"white\"\/>\n                <\/clipPath>\n              <\/defs>\n            <\/svg>\t\t\t\t\t\t\t\t<\/div>\n\t\t\t\t<\/div>\n\t\t\t\t<div class=\"elementor-element elementor-element-f416f54 elementor-widget__width-initial elementor-widget elementor-widget-text-editor\" data-id=\"f416f54\" data-element_type=\"widget\" data-widget_type=\"text-editor.default\">\n\t\t\t\t<div class=\"elementor-widget-container\">\n\t\t\t\t\t\t\t\t\t<a target=\"_blank\">EXPERTISE<\/a>\n<svg xmlns=\"http:\/\/www.w3.org\/2000\/svg\" width=\"40\" height=\"40\" viewBox=\"0 0 40 40\" fill=\"none\">\n              <g clip-path=\"url(#clip0_561_3007)\">\n                <path d=\"M16.3279 0.978516V15.7653L2.26773 11.1965L0 18.1762L14.061 22.7457L5.36953 34.7083L11.3102 39.0216L20.0016 27.0614L28.6907 39.0216L34.6289 34.7083L25.9367 22.7489L40 18.1793L37.7323 11.1993L23.669 15.7682V0.981482H16.328L16.3279 0.978516Z\" fill=\"#292929\"\/>\n              <\/g>\n              <defs>\n                <clipPath id=\"clip0_561_3007\">\n                  <rect width=\"40\" height=\"40\" fill=\"white\"\/>\n                <\/clipPath>\n              <\/defs>\n            <\/svg>\t\t\t\t\t\t\t\t<\/div>\n\t\t\t\t<\/div>\n\t\t\t\t<div class=\"elementor-element elementor-element-7b98f6e elementor-widget__width-initial elementor-widget elementor-widget-text-editor\" data-id=\"7b98f6e\" data-element_type=\"widget\" data-widget_type=\"text-editor.default\">\n\t\t\t\t<div class=\"elementor-widget-container\">\n\t\t\t\t\t\t\t\t\t<a target=\"_blank\">EXPERTISE<\/a>\n<svg xmlns=\"http:\/\/www.w3.org\/2000\/svg\" width=\"40\" height=\"40\" viewBox=\"0 0 40 40\" fill=\"none\">\n              <g clip-path=\"url(#clip0_561_3007)\">\n                <path d=\"M16.3279 0.978516V15.7653L2.26773 11.1965L0 18.1762L14.061 22.7457L5.36953 34.7083L11.3102 39.0216L20.0016 27.0614L28.6907 39.0216L34.6289 34.7083L25.9367 22.7489L40 18.1793L37.7323 11.1993L23.669 15.7682V0.981482H16.328L16.3279 0.978516Z\" fill=\"#292929\"\/>\n              <\/g>\n              <defs>\n                <clipPath id=\"clip0_561_3007\">\n                  <rect width=\"40\" height=\"40\" fill=\"white\"\/>\n                <\/clipPath>\n              <\/defs>\n            <\/svg>\t\t\t\t\t\t\t\t<\/div>\n\t\t\t\t<\/div>\n\t\t\t\t<div class=\"elementor-element elementor-element-d95f03c elementor-widget__width-initial elementor-widget elementor-widget-text-editor\" data-id=\"d95f03c\" data-element_type=\"widget\" data-widget_type=\"text-editor.default\">\n\t\t\t\t<div class=\"elementor-widget-container\">\n\t\t\t\t\t\t\t\t\t<a target=\"_blank\">EXPERTISE<\/a>\n<svg xmlns=\"http:\/\/www.w3.org\/2000\/svg\" width=\"40\" height=\"40\" viewBox=\"0 0 40 40\" fill=\"none\">\n              <g clip-path=\"url(#clip0_561_3007)\">\n                <path d=\"M16.3279 0.978516V15.7653L2.26773 11.1965L0 18.1762L14.061 22.7457L5.36953 34.7083L11.3102 39.0216L20.0016 27.0614L28.6907 39.0216L34.6289 34.7083L25.9367 22.7489L40 18.1793L37.7323 11.1993L23.669 15.7682V0.981482H16.328L16.3279 0.978516Z\" fill=\"#292929\"\/>\n              <\/g>\n              <defs>\n                <clipPath id=\"clip0_561_3007\">\n                  <rect width=\"40\" height=\"40\" fill=\"white\"\/>\n                <\/clipPath>\n              <\/defs>\n            <\/svg>\t\t\t\t\t\t\t\t<\/div>\n\t\t\t\t<\/div>\n\t\t\t\t<div class=\"elementor-element elementor-element-6e9cf03 elementor-widget__width-initial elementor-widget elementor-widget-text-editor\" data-id=\"6e9cf03\" data-element_type=\"widget\" data-widget_type=\"text-editor.default\">\n\t\t\t\t<div class=\"elementor-widget-container\">\n\t\t\t\t\t\t\t\t\t<a target=\"_blank\">EXPERTISE<\/a>\n<svg xmlns=\"http:\/\/www.w3.org\/2000\/svg\" width=\"40\" height=\"40\" viewBox=\"0 0 40 40\" fill=\"none\">\n              <g clip-path=\"url(#clip0_561_3007)\">\n                <path d=\"M16.3279 0.978516V15.7653L2.26773 11.1965L0 18.1762L14.061 22.7457L5.36953 34.7083L11.3102 39.0216L20.0016 27.0614L28.6907 39.0216L34.6289 34.7083L25.9367 22.7489L40 18.1793L37.7323 11.1993L23.669 15.7682V0.981482H16.328L16.3279 0.978516Z\" fill=\"#292929\"\/>\n              <\/g>\n              <defs>\n                <clipPath id=\"clip0_561_3007\">\n                  <rect width=\"40\" height=\"40\" fill=\"white\"\/>\n                <\/clipPath>\n              <\/defs>\n            <\/svg>\t\t\t\t\t\t\t\t<\/div>\n\t\t\t\t<\/div>\n\t\t\t\t<div class=\"elementor-element elementor-element-89ef0c6 elementor-widget__width-initial elementor-widget elementor-widget-text-editor\" data-id=\"89ef0c6\" data-element_type=\"widget\" data-widget_type=\"text-editor.default\">\n\t\t\t\t<div class=\"elementor-widget-container\">\n\t\t\t\t\t\t\t\t\t<a target=\"_blank\">EXPERTISE<\/a>\n<svg xmlns=\"http:\/\/www.w3.org\/2000\/svg\" width=\"40\" height=\"40\" viewBox=\"0 0 40 40\" fill=\"none\">\n              <g clip-path=\"url(#clip0_561_3007)\">\n                <path d=\"M16.3279 0.978516V15.7653L2.26773 11.1965L0 18.1762L14.061 22.7457L5.36953 34.7083L11.3102 39.0216L20.0016 27.0614L28.6907 39.0216L34.6289 34.7083L25.9367 22.7489L40 18.1793L37.7323 11.1993L23.669 15.7682V0.981482H16.328L16.3279 0.978516Z\" fill=\"#292929\"\/>\n              <\/g>\n              <defs>\n                <clipPath id=\"clip0_561_3007\">\n                  <rect width=\"40\" height=\"40\" fill=\"white\"\/>\n                <\/clipPath>\n              <\/defs>\n            <\/svg>\t\t\t\t\t\t\t\t<\/div>\n\t\t\t\t<\/div>\n\t\t\t\t<\/div>\n\t\t\t\t<\/div>\n\t\t\t\t<\/div>\n\t\t\t\t<\/div>\n\t\t\t\t<\/div>\n\t\t<div class=\"elementor-element elementor-element-505c9fc e-con-full e-flex e-con e-parent\" data-id=\"505c9fc\" data-element_type=\"container\" data-settings=\"{&quot;background_background&quot;:&quot;classic&quot;}\">\n\t\t<div class=\"elementor-element elementor-element-2b2ed7a e-con-full e-flex e-con e-child\" data-id=\"2b2ed7a\" data-element_type=\"container\">\n\t\t\t\t<div class=\"elementor-element elementor-element-0a6e4cb elementor-widget__width-inherit elementor-widget elementor-widget-html\" data-id=\"0a6e4cb\" data-element_type=\"widget\" data-widget_type=\"html.default\">\n\t\t\t\t<div class=\"elementor-widget-container\">\n\t\t\t\t\t<a target=\"_blank\">EXPERTISE<\/a>\n          <svg xmlns=\"http:\/\/www.w3.org\/2000\/svg\" width=\"40\" height=\"40\" viewBox=\"0 0 40 40\" fill=\"none\">\n              <g clip-path=\"url(#clip0_561_3007)\">\n                <path d=\"M16.3279 0.978516V15.7653L2.26773 11.1965L0 18.1762L14.061 22.7457L5.36953 34.7083L11.3102 39.0216L20.0016 27.0614L28.6907 39.0216L34.6289 34.7083L25.9367 22.7489L40 18.1793L37.7323 11.1993L23.669 15.7682V0.981482H16.328L16.3279 0.978516Z\" fill=\"#292929\"\/>\n              <\/g>\n              <defs>\n                <clipPath id=\"clip0_561_3007\">\n                  <rect width=\"40\" height=\"40\" fill=\"white\"\/>\n                <\/clipPath>\n              <\/defs>\n            <\/svg>\n          <a target=\"_blank\">INNOVATION<\/a>\n          <svg xmlns=\"http:\/\/www.w3.org\/2000\/svg\" width=\"40\" height=\"40\" viewBox=\"0 0 40 40\" fill=\"none\">\n      <g clip-path=\"url(#clip0_561_3007)\">\n        <path d=\"M16.3279 0.978516V15.7653L2.26773 11.1965L0 18.1762L14.061 22.7457L5.36953 34.7083L11.3102 39.0216L20.0016 27.0614L28.6907 39.0216L34.6289 34.7083L25.9367 22.7489L40 18.1793L37.7323 11.1993L23.669 15.7682V0.981482H16.328L16.3279 0.978516Z\" fill=\"#292929\"\/>\n      <\/g>\n  <defs>\n    <clipPath id=\"clip0_561_3007\">\n      <rect width=\"40\" height=\"40\" fill=\"white\"\/>\n    <\/clipPath>\n  <\/defs>\n<\/svg>\n          <a target=\"_blank\">ENGAGEMENT<\/a>\n          <svg xmlns=\"http:\/\/www.w3.org\/2000\/svg\" width=\"40\" height=\"40\" viewBox=\"0 0 40 40\" fill=\"none\">\n  <g clip-path=\"url(#clip0_561_3007)\">\n    <path d=\"M16.3279 0.978516V15.7653L2.26773 11.1965L0 18.1762L14.061 22.7457L5.36953 34.7083L11.3102 39.0216L20.0016 27.0614L28.6907 39.0216L34.6289 34.7083L25.9367 22.7489L40 18.1793L37.7323 11.1993L23.669 15.7682V0.981482H16.328L16.3279 0.978516Z\" fill=\"#292929\"\/>\n  <\/g>\n  <defs>\n    <clipPath id=\"clip0_561_3007\">\n      <rect width=\"40\" height=\"40\" fill=\"white\"\/>\n    <\/clipPath>\n  <\/defs>\n<\/svg>\n          <a target=\"_blank\">QUALIT\u00c9<\/a>\n          <svg xmlns=\"http:\/\/www.w3.org\/2000\/svg\" width=\"40\" height=\"40\" viewBox=\"0 0 40 40\" fill=\"none\">\n  <g clip-path=\"url(#clip0_561_3007)\">\n    <path d=\"M16.3279 0.978516V15.7653L2.26773 11.1965L0 18.1762L14.061 22.7457L5.36953 34.7083L11.3102 39.0216L20.0016 27.0614L28.6907 39.0216L34.6289 34.7083L25.9367 22.7489L40 18.1793L37.7323 11.1993L23.669 15.7682V0.981482H16.328L16.3279 0.978516Z\" fill=\"#292929\"\/>\n  <\/g>\n  <defs>\n    <clipPath id=\"clip0_561_3007\">\n      <rect width=\"40\" height=\"40\" fill=\"white\"\/>\n    <\/clipPath>\n  <\/defs>\n<\/svg>\n          <a target=\"_blank\">CONTR\u00d4LE<\/a>\n          <svg xmlns=\"http:\/\/www.w3.org\/2000\/svg\" width=\"40\" height=\"40\" viewBox=\"0 0 40 40\" fill=\"none\">\n  <g clip-path=\"url(#clip0_561_3007)\">\n    <path d=\"M16.3279 0.978516V15.7653L2.26773 11.1965L0 18.1762L14.061 22.7457L5.36953 34.7083L11.3102 39.0216L20.0016 27.0614L28.6907 39.0216L34.6289 34.7083L25.9367 22.7489L40 18.1793L37.7323 11.1993L23.669 15.7682V0.981482H16.328L16.3279 0.978516Z\" fill=\"#292929\"\/>\n  <\/g>\n  <defs>\n    <clipPath id=\"clip0_561_3007\">\n      <rect width=\"40\" height=\"40\" fill=\"white\"\/>\n    <\/clipPath>\n  <\/defs>\n<\/svg>\n          <a target=\"_blank\">CONFORMIT\u00c9<\/a>\n          <svg xmlns=\"http:\/\/www.w3.org\/2000\/svg\" width=\"40\" height=\"40\" viewBox=\"0 0 40 40\" fill=\"none\">\n  <g clip-path=\"url(#clip0_561_3007)\">\n    <path d=\"M16.3279 0.978516V15.7653L2.26773 11.1965L0 18.1762L14.061 22.7457L5.36953 34.7083L11.3102 39.0216L20.0016 27.0614L28.6907 39.0216L34.6289 34.7083L25.9367 22.7489L40 18.1793L37.7323 11.1993L23.669 15.7682V0.981482H16.328L16.3279 0.978516Z\" fill=\"#292929\"\/>\n  <\/g>\n  <defs>\n    <clipPath id=\"clip0_561_3007\">\n      <rect width=\"40\" height=\"40\" fill=\"white\"\/>\n    <\/clipPath>\n  <\/defs>\n<\/svg>\n          <a target=\"_blank\">S\u00c9R\u00c9NIT\u00c9<\/a>\n          \n          <svg xmlns=\"http:\/\/www.w3.org\/2000\/svg\" width=\"40\" height=\"40\" viewBox=\"0 0 40 40\" fill=\"none\">\n  <g clip-path=\"url(#clip0_561_3007)\">\n    <path d=\"M16.3279 0.978516V15.7653L2.26773 11.1965L0 18.1762L14.061 22.7457L5.36953 34.7083L11.3102 39.0216L20.0016 27.0614L28.6907 39.0216L34.6289 34.7083L25.9367 22.7489L40 18.1793L37.7323 11.1993L23.669 15.7682V0.981482H16.328L16.3279 0.978516Z\" fill=\"#292929\"\/>\n  <\/g>\n  <defs>\n    <clipPath id=\"clip0_561_3007\">\n      <rect width=\"40\" height=\"40\" fill=\"white\"\/>\n    <\/clipPath>\n  <\/defs>\n<\/svg>\t\t\t\t<\/div>\n\t\t\t\t<\/div>\n\t\t\t\t<\/div>\n\t\t\t\t<\/div>\n\t\t<div class=\"elementor-element elementor-element-8824cab e-flex e-con-boxed e-con e-parent\" data-id=\"8824cab\" data-element_type=\"container\">\n\t\t\t\t\t<div class=\"e-con-inner\">\n\t\t\t\t<div class=\"elementor-element elementor-element-a57c1aa elementor-widget elementor-widget-audio\" data-id=\"a57c1aa\" data-element_type=\"widget\" data-widget_type=\"audio.default\">\n\t\t\t\t<div class=\"elementor-widget-container\">\n\t\t\t\t\t\t\t\t<div class=\"elementor-soundcloud-wrapper\">\n\t\t\t\t<iframe width=\"800\" height=\"200\" frameborder=\"no\" src=\"https:\/\/w.soundcloud.com\/player\/?visual=false&#038;url=https%3A%2F%2Fapi.soundcloud.com%2Ftracks%2F36701924&#038;show_artwork=true&#038;maxheight=1000&#038;maxwidth=800&#038;auto_play=false&#038;buying=true&#038;liking=true&#038;download=true&#038;sharing=true&#038;show_comments=true&#038;show_playcount=true&#038;show_user=true&#038;color\"><\/iframe>\t\t\t<\/div>\n\t\t\t\t\t\t\t<\/div>\n\t\t\t\t<\/div>\n\t\t\t\t\t<\/div>\n\t\t\t\t<\/div>\n\t\t\t\t<\/div>\n\t\t","protected":false},"excerpt":{"rendered":"<p>EXPERTISE EXPERTISE EXPERTISE EXPERTISE EXPERTISE EXPERTISE EXPERTISE EXPERTISE EXPERTISE INNOVATION ENGAGEMENT QUALIT\u00c9 CONTR\u00d4LE CONFORMIT\u00c9 S\u00c9R\u00c9NIT\u00c9<\/p>\n","protected":false},"author":3,"featured_media":0,"parent":0,"menu_order":0,"comment_status":"closed","ping_status":"closed","template":"","meta":{"_acf_changed":false,"footnotes":""},"class_list":["post-635","page","type-page","status-publish","hentry"],"acf":[],"yoast_head":"<!-- This site is optimized with the Yoast SEO plugin v26.0 - https:\/\/yoast.com\/wordpress\/plugins\/seo\/ -->\n<title>Test - Laboratoire SPLP<\/title>\n<meta name=\"robots\" content=\"index, follow, max-snippet:-1, max-image-preview:large, max-video-preview:-1\" \/>\n<link rel=\"canonical\" href=\"https:\/\/laboratoiresplp.com\/test\/\" \/>\n<meta property=\"og:locale\" content=\"en_US\" \/>\n<meta property=\"og:type\" content=\"article\" \/>\n<meta property=\"og:title\" content=\"Test - Laboratoire SPLP\" \/>\n<meta property=\"og:description\" content=\"EXPERTISE EXPERTISE EXPERTISE EXPERTISE EXPERTISE EXPERTISE EXPERTISE EXPERTISE EXPERTISE INNOVATION ENGAGEMENT QUALIT\u00c9 CONTR\u00d4LE CONFORMIT\u00c9 S\u00c9R\u00c9NIT\u00c9\" \/>\n<meta property=\"og:url\" content=\"https:\/\/laboratoiresplp.com\/test\/\" \/>\n<meta property=\"og:site_name\" content=\"Laboratoire SPLP\" \/>\n<meta property=\"article:modified_time\" content=\"2024-06-27T15:04:04+00:00\" \/>\n<meta property=\"og:image\" content=\"https:\/\/laboratoiresplp.com\/wp-content\/uploads\/2024\/08\/ImageGeneriqueGellules.jpg\" \/>\n\t<meta property=\"og:image:width\" content=\"1200\" \/>\n\t<meta property=\"og:image:height\" content=\"675\" \/>\n\t<meta property=\"og:image:type\" content=\"image\/jpeg\" \/>\n<meta name=\"twitter:card\" content=\"summary_large_image\" \/>\n<script type=\"application\/ld+json\" class=\"yoast-schema-graph\">{\"@context\":\"https:\/\/schema.org\",\"@graph\":[{\"@type\":\"WebPage\",\"@id\":\"https:\/\/laboratoiresplp.com\/test\/\",\"url\":\"https:\/\/laboratoiresplp.com\/test\/\",\"name\":\"Test - Laboratoire SPLP\",\"isPartOf\":{\"@id\":\"https:\/\/laboratoiresplp.com\/#website\"},\"datePublished\":\"2024-04-15T14:16:54+00:00\",\"dateModified\":\"2024-06-27T15:04:04+00:00\",\"breadcrumb\":{\"@id\":\"https:\/\/laboratoiresplp.com\/test\/#breadcrumb\"},\"inLanguage\":\"en-US\",\"potentialAction\":[{\"@type\":\"ReadAction\",\"target\":[\"https:\/\/laboratoiresplp.com\/test\/\"]}]},{\"@type\":\"BreadcrumbList\",\"@id\":\"https:\/\/laboratoiresplp.com\/test\/#breadcrumb\",\"itemListElement\":[{\"@type\":\"ListItem\",\"position\":1,\"name\":\"Accueil\",\"item\":\"https:\/\/laboratoiresplp.com\/en\/\"},{\"@type\":\"ListItem\",\"position\":2,\"name\":\"Test\"}]},{\"@type\":\"WebSite\",\"@id\":\"https:\/\/laboratoiresplp.com\/#website\",\"url\":\"https:\/\/laboratoiresplp.com\/\",\"name\":\"Laboratoire SPLP\",\"description\":\"Fa\u00e7onneur d&#039;envies\",\"publisher\":{\"@id\":\"https:\/\/laboratoiresplp.com\/#organization\"},\"alternateName\":\"Labo SPLP\",\"potentialAction\":[{\"@type\":\"SearchAction\",\"target\":{\"@type\":\"EntryPoint\",\"urlTemplate\":\"https:\/\/laboratoiresplp.com\/?s={search_term_string}\"},\"query-input\":{\"@type\":\"PropertyValueSpecification\",\"valueRequired\":true,\"valueName\":\"search_term_string\"}}],\"inLanguage\":\"en-US\"},{\"@type\":\"Organization\",\"@id\":\"https:\/\/laboratoiresplp.com\/#organization\",\"name\":\"Laboratoire SPLP\",\"alternateName\":\"Labo SPLP\",\"url\":\"https:\/\/laboratoiresplp.com\/\",\"logo\":{\"@type\":\"ImageObject\",\"inLanguage\":\"en-US\",\"@id\":\"https:\/\/laboratoiresplp.com\/#\/schema\/logo\/image\/\",\"url\":\"https:\/\/laboratoiresplp.com\/wp-content\/uploads\/2024\/02\/splp-logo.webp\",\"contentUrl\":\"https:\/\/laboratoiresplp.com\/wp-content\/uploads\/2024\/02\/splp-logo.webp\",\"width\":1625,\"height\":1548,\"caption\":\"Laboratoire SPLP\"},\"image\":{\"@id\":\"https:\/\/laboratoiresplp.com\/#\/schema\/logo\/image\/\"},\"sameAs\":[\"https:\/\/www.linkedin.com\/company\/laboratoiresplp\/?originalSubdomain=fr\"]}]}<\/script>\n<!-- \/ Yoast SEO plugin. -->","yoast_head_json":{"title":"Test - Laboratoire SPLP","robots":{"index":"index","follow":"follow","max-snippet":"max-snippet:-1","max-image-preview":"max-image-preview:large","max-video-preview":"max-video-preview:-1"},"canonical":"https:\/\/laboratoiresplp.com\/test\/","og_locale":"en_US","og_type":"article","og_title":"Test - Laboratoire SPLP","og_description":"EXPERTISE EXPERTISE EXPERTISE EXPERTISE EXPERTISE EXPERTISE EXPERTISE EXPERTISE EXPERTISE INNOVATION ENGAGEMENT QUALIT\u00c9 CONTR\u00d4LE CONFORMIT\u00c9 S\u00c9R\u00c9NIT\u00c9","og_url":"https:\/\/laboratoiresplp.com\/test\/","og_site_name":"Laboratoire SPLP","article_modified_time":"2024-06-27T15:04:04+00:00","og_image":[{"width":1200,"height":675,"url":"https:\/\/laboratoiresplp.com\/wp-content\/uploads\/2024\/08\/ImageGeneriqueGellules.jpg","type":"image\/jpeg"}],"twitter_card":"summary_large_image","schema":{"@context":"https:\/\/schema.org","@graph":[{"@type":"WebPage","@id":"https:\/\/laboratoiresplp.com\/test\/","url":"https:\/\/laboratoiresplp.com\/test\/","name":"Test - Laboratoire SPLP","isPartOf":{"@id":"https:\/\/laboratoiresplp.com\/#website"},"datePublished":"2024-04-15T14:16:54+00:00","dateModified":"2024-06-27T15:04:04+00:00","breadcrumb":{"@id":"https:\/\/laboratoiresplp.com\/test\/#breadcrumb"},"inLanguage":"en-US","potentialAction":[{"@type":"ReadAction","target":["https:\/\/laboratoiresplp.com\/test\/"]}]},{"@type":"BreadcrumbList","@id":"https:\/\/laboratoiresplp.com\/test\/#breadcrumb","itemListElement":[{"@type":"ListItem","position":1,"name":"Accueil","item":"https:\/\/laboratoiresplp.com\/en\/"},{"@type":"ListItem","position":2,"name":"Test"}]},{"@type":"WebSite","@id":"https:\/\/laboratoiresplp.com\/#website","url":"https:\/\/laboratoiresplp.com\/","name":"Laboratoire SPLP","description":"Fa\u00e7onneur d&#039;envies","publisher":{"@id":"https:\/\/laboratoiresplp.com\/#organization"},"alternateName":"Labo SPLP","potentialAction":[{"@type":"SearchAction","target":{"@type":"EntryPoint","urlTemplate":"https:\/\/laboratoiresplp.com\/?s={search_term_string}"},"query-input":{"@type":"PropertyValueSpecification","valueRequired":true,"valueName":"search_term_string"}}],"inLanguage":"en-US"},{"@type":"Organization","@id":"https:\/\/laboratoiresplp.com\/#organization","name":"Laboratoire SPLP","alternateName":"Labo SPLP","url":"https:\/\/laboratoiresplp.com\/","logo":{"@type":"ImageObject","inLanguage":"en-US","@id":"https:\/\/laboratoiresplp.com\/#\/schema\/logo\/image\/","url":"https:\/\/laboratoiresplp.com\/wp-content\/uploads\/2024\/02\/splp-logo.webp","contentUrl":"https:\/\/laboratoiresplp.com\/wp-content\/uploads\/2024\/02\/splp-logo.webp","width":1625,"height":1548,"caption":"Laboratoire SPLP"},"image":{"@id":"https:\/\/laboratoiresplp.com\/#\/schema\/logo\/image\/"},"sameAs":["https:\/\/www.linkedin.com\/company\/laboratoiresplp\/?originalSubdomain=fr"]}]}},"_links":{"self":[{"href":"https:\/\/laboratoiresplp.com\/en\/wp-json\/wp\/v2\/pages\/635","targetHints":{"allow":["GET"]}}],"collection":[{"href":"https:\/\/laboratoiresplp.com\/en\/wp-json\/wp\/v2\/pages"}],"about":[{"href":"https:\/\/laboratoiresplp.com\/en\/wp-json\/wp\/v2\/types\/page"}],"author":[{"embeddable":true,"href":"https:\/\/laboratoiresplp.com\/en\/wp-json\/wp\/v2\/users\/3"}],"replies":[{"embeddable":true,"href":"https:\/\/laboratoiresplp.com\/en\/wp-json\/wp\/v2\/comments?post=635"}],"version-history":[{"count":19,"href":"https:\/\/laboratoiresplp.com\/en\/wp-json\/wp\/v2\/pages\/635\/revisions"}],"predecessor-version":[{"id":4806,"href":"https:\/\/laboratoiresplp.com\/en\/wp-json\/wp\/v2\/pages\/635\/revisions\/4806"}],"wp:attachment":[{"href":"https:\/\/laboratoiresplp.com\/en\/wp-json\/wp\/v2\/media?parent=635"}],"curies":[{"name":"wp","href":"https:\/\/api.w.org\/{rel}","templated":true}]}}